{"id":14,"date":"2020-10-13T20:02:53","date_gmt":"2020-10-13T23:02:53","guid":{"rendered":"https:\/\/sindpd.com.br\/site\/?page_id=14"},"modified":"2024-11-26T12:44:59","modified_gmt":"2024-11-26T15:44:59","slug":"o-sindicato","status":"publish","type":"page","link":"https:\/\/sindpd.com.br\/novo\/o-sindicato\/","title":{"rendered":"O SINDICATO"},"content":{"rendered":"[vc_row type=&#8221;full_width_background&#8221; full_screen_row_position=&#8221;middle&#8221; equal_height=&#8221;yes&#8221; content_placement=&#8221;top&#8221; scene_position=&#8221;center&#8221; text_color=&#8221;dark&#8221; text_align=&#8221;left&#8221; top_padding=&#8221;20&#8243; bottom_padding=&#8221;30&#8243; overlay_strength=&#8221;0.3&#8243;][vc_column column_padding=&#8221;no-extra-padding&#8221; column_padding_position=&#8221;all&#8221; background_color_opacity=&#8221;1&#8243; background_hover_color_opacity=&#8221;1&#8243; column_shadow=&#8221;none&#8221; width=&#8221;1\/1&#8243; tablet_text_alignment=&#8221;default&#8221; phone_text_alignment=&#8221;default&#8221; column_border_width=&#8221;none&#8221; column_border_style=&#8221;solid&#8221;][vc_column_text]\n<h4><span style=\"color: #022c66;\">O SINDICATO<\/span><\/h4>\n[\/vc_column_text]<div class=\"divider-wrap\"><div style=\"margin-top: 0px; height: 1px; margin-bottom: 0px;\" data-width=\"100%\" data-animate=\"\" data-animation-delay=\"\" data-color=\"default\" class=\"divider-border\"><\/div><\/div>[\/vc_column][\/vc_row][vc_row type=&#8221;full_width_background&#8221; full_screen_row_position=&#8221;middle&#8221; equal_height=&#8221;yes&#8221; content_placement=&#8221;top&#8221; scene_position=&#8221;center&#8221; text_color=&#8221;dark&#8221; text_align=&#8221;left&#8221; top_padding=&#8221;20&#8243; bottom_padding=&#8221;20&#8243; overlay_strength=&#8221;0.3&#8243;][vc_column column_padding=&#8221;no-extra-padding&#8221; column_padding_position=&#8221;all&#8221; background_color_opacity=&#8221;1&#8243; background_hover_color_opacity=&#8221;1&#8243; column_shadow=&#8221;none&#8221; width=&#8221;2\/3&#8243; tablet_text_alignment=&#8221;default&#8221; phone_text_alignment=&#8221;default&#8221; column_border_width=&#8221;none&#8221; column_border_style=&#8221;solid&#8221;][vc_column_text]Em 27\/10\/1989 foi publicado no jornal &#8220;A Noticia&#8221; o edital de convoca\u00e7\u00e3o para todos os empregados em empresas de processamento de dados da cidade de Joinville.<\/p>\n<p>Em 30 de outubro de 1989 foi realizada, \u00e0s 17:00 horas, no audit\u00f3rio do Senac, na rua Visconde de Taunay, n\u00ba 730, a Assembleia Geral Extraordin\u00e1ria que definia e fundava o Sindicato dos Empregados em Empresas de Processamento de Dados de Joinville, bem como a aprova\u00e7\u00e3o dos estatutos, elei\u00e7\u00e3o e posse da primeira diretoria.<\/p>\n<p>Nesta ocasi\u00e3o, o Sindicato dos Empregados de Empresas de Processamento de Dados de Santa Catarina, n\u00e3o concordando com o desmembramento da categoria em Santa Catarina, compareceu na Assembl\u00e9ia acima com alguns diretores do sindicato estadual. Foi\u00a0ent\u00e3o\u00a0dada a palavra ao Presidente, Sr. Valdir Haubert, que tentou persuadir os quase 120 presentes a n\u00e3o concordarem com a cria\u00e7\u00e3o deste novo sindicato.\u00a0N\u00e3o obteve sucesso, e os presentes aprovaram a cria\u00e7\u00e3o do SindPD-Jlle e elegeram a primeira diretoria.<\/p>\n<p>Sendo assim, em 07\/11\/1989, na p\u00e1gina 38 do Di\u00e1rio Oficial-SC n\u00ba 13.819, foi publicado o extrato do 1\u00ba Estatuto do Sindicato dos Empregados em Empresas de Processamento de Dados de Joinville e a sua primeira diretoria.[\/vc_column_text][\/vc_column][vc_column column_padding=&#8221;no-extra-padding&#8221; column_padding_position=&#8221;all&#8221; background_color_opacity=&#8221;1&#8243; background_hover_color_opacity=&#8221;1&#8243; column_shadow=&#8221;none&#8221; width=&#8221;1\/3&#8243; tablet_text_alignment=&#8221;default&#8221; phone_text_alignment=&#8221;default&#8221; column_border_width=&#8221;none&#8221; column_border_style=&#8221;solid&#8221;]<div class=\"img-with-aniamtion-wrap center\" data-max-width=\"100%\"><div class=\"inner\"><img data-shadow=\"none\" data-shadow-direction=\"middle\" class=\"img-with-animation \" data-delay=\"0\" height=\"296\" width=\"500\" data-animation=\"none\" src=\"https:\/\/sindpd.com.br\/novo\/wp-content\/uploads\/2020\/10\/fachada02.jpg\" srcset=\"https:\/\/sindpd.com.br\/novo\/wp-content\/uploads\/2020\/10\/fachada02.jpg 500w, https:\/\/sindpd.com.br\/novo\/wp-content\/uploads\/2020\/10\/fachada02-300x178.jpg 300w\" alt=\"\" \/><\/div><\/div>[\/vc_column][\/vc_row][vc_row type=&#8221;full_width_background&#8221; full_screen_row_position=&#8221;middle&#8221; equal_height=&#8221;yes&#8221; content_placement=&#8221;top&#8221; scene_position=&#8221;center&#8221; text_color=&#8221;dark&#8221; text_align=&#8221;left&#8221; top_padding=&#8221;20&#8243; bottom_padding=&#8221;20&#8243; overlay_strength=&#8221;0.3&#8243;][vc_column column_padding=&#8221;no-extra-padding&#8221; column_padding_position=&#8221;all&#8221; background_color_opacity=&#8221;1&#8243; background_hover_color_opacity=&#8221;1&#8243; column_shadow=&#8221;none&#8221; width=&#8221;1\/1&#8243; tablet_text_alignment=&#8221;default&#8221; phone_text_alignment=&#8221;default&#8221; column_border_width=&#8221;none&#8221; column_border_style=&#8221;solid&#8221;][vc_column_text]<span style=\"color: #022c66;\"><strong>Como s\u00f3cios fundadores, dentre outros presentes, no Estatuto constam:<\/strong><\/span><\/p>\n<ul>\n<li>Lucinda Maria Witten: Brasileira, Solteira, Auxiliar de Produ\u00e7\u00e3o, residente em Joinville.<\/li>\n<li>Gerson Pohl: Brasileiro, Casado, Analista de Sistemas Pleno, residente em Joinville.<\/li>\n<li>Sadilmar Goularte: Brasileiro, Solteiro, Programador Pleno, residente em Joinville.<\/li>\n<li>Maria Sueli Wiese: Brasileira, Solteira, Programadora J\u00fanior, residente em Joinville.<\/li>\n<li>Ant\u00f4nio Em\u00edlio O. de Mello Barreto: Brasileiro, Casado, Analista de Sistemas, residente em Joinville.<\/li>\n<li>Osvaldir Luis da Concei\u00e7\u00e3o: Brasileiro, Casado, Analista de Sistemas S\u00eanior, residente em Joinville.<\/li>\n<li>Silvio Dias: Brasileiro, Casado, Chefe de Digita\u00e7\u00e3o, residente em Joinville.<\/li>\n<li>Almir Bachtold: Brasileiro, Casado, Programador Pleno, residente em Joinville.<\/li>\n<li>Ezequiel Pereira da Silva: Brasileiro, casado, coordenador de produ\u00e7\u00e3o, residente em Joinville.<\/li>\n<li>Ger\u00f4nimo Altevir Costa Lima: Brasileiro, Casado, Assistente, residente em Joinville.<\/li>\n<li>S\u00f4nia Bergmann: Brasileira, Solteira, Programadora, residente em Joinville.<\/li>\n<\/ul>\n[\/vc_column_text][\/vc_column][\/vc_row][vc_row type=&#8221;full_width_background&#8221; full_screen_row_position=&#8221;middle&#8221; equal_height=&#8221;yes&#8221; content_placement=&#8221;top&#8221; scene_position=&#8221;center&#8221; text_color=&#8221;dark&#8221; text_align=&#8221;left&#8221; top_padding=&#8221;20&#8243; bottom_padding=&#8221;20&#8243; overlay_strength=&#8221;0.3&#8243;][vc_column column_padding=&#8221;no-extra-padding&#8221; column_padding_position=&#8221;all&#8221; background_color_opacity=&#8221;1&#8243; background_hover_color_opacity=&#8221;1&#8243; column_shadow=&#8221;none&#8221; width=&#8221;1\/1&#8243; tablet_text_alignment=&#8221;default&#8221; phone_text_alignment=&#8221;default&#8221; column_border_width=&#8221;none&#8221; column_border_style=&#8221;solid&#8221;][vc_column_text]\n<h3><span style=\"color: #022c66;\">DIRETORIA EXECUTIVA &gt;&gt; GEST\u00c3O 2024 &#8211; 2028<br \/>\n<\/span><\/h3>\n<p>Fabiane do Prado4\u00ba Suplente de Diretoria<\/p>\n<table width=\"518\">\n<tbody>\n<tr>\n<td width=\"260\">Fabio Oliveira<\/td>\n<td width=\"256\">Presidente<\/td>\n<\/tr>\n<tr>\n<td width=\"260\">Andr\u00e9a Cristina de Oliveira Schwochow<\/td>\n<td width=\"256\">Diretora Administrativa<\/td>\n<\/tr>\n<tr>\n<td width=\"260\">Rodinei de Oliveira<\/td>\n<td width=\"256\">Diretor Financeiro<\/td>\n<\/tr>\n<tr>\n<td width=\"260\">Jorge Luis Dunzer<\/td>\n<td width=\"256\">Diretor De Patrim\u00f4nio<\/td>\n<\/tr>\n<tr>\n<td width=\"260\">Fabio David Cortes<\/td>\n<td width=\"256\">1\u00ba Suplente de Diretoria<\/td>\n<\/tr>\n<tr>\n<td width=\"260\">Josias de Souza<\/td>\n<td width=\"256\">2\u00ba Suplente de Diretoria<\/td>\n<\/tr>\n<tr>\n<td width=\"260\">Shirlei Cristina Hamann Santiago Bezerra<\/td>\n<td width=\"256\">3\u00ba Suplente de Diretoria<\/td>\n<\/tr>\n<tr>\n<td width=\"260\">Fabiane do Prado<\/td>\n<td width=\"256\">4\u00ba Suplente de Diretoria<\/td>\n<\/tr>\n<tr>\n<td width=\"260\">Alcidio Alceb\u00edades de Aguiar Junior<\/td>\n<td width=\"256\">1\u00ba Efetivo de Conselho Fiscal<\/td>\n<\/tr>\n<tr>\n<td width=\"260\">Elisangela da Silva de Souza<\/td>\n<td width=\"256\">2\u00aa Efetiva de Conselho Fiscal<\/td>\n<\/tr>\n<tr>\n<td width=\"260\">Ariela Aparecida Vicente<\/td>\n<td width=\"256\">3\u00aa Efetiva de Conselho Fiscal<\/td>\n<\/tr>\n<tr>\n<td width=\"260\">Bruna Ruppes<\/td>\n<td width=\"256\">1\u00ba Suplente de Conselho Fiscal<\/td>\n<\/tr>\n<tr>\n<td width=\"260\">Johnny William Gumbosky<\/td>\n<td width=\"256\">2\u00ba Suplente de Conselho Fiscal<\/td>\n<\/tr>\n<\/tbody>\n<\/table>\n[\/vc_column_text][\/vc_column][\/vc_row]\n","protected":false},"excerpt":{"rendered":"<p>[vc_row type=&#8221;full_width_background&#8221; full_screen_row_position=&#8221;middle&#8221; equal_height=&#8221;yes&#8221; content_placement=&#8221;top&#8221; scene_position=&#8221;center&#8221; text_color=&#8221;dark&#8221; text_align=&#8221;left&#8221; top_padding=&#8221;20&#8243; bottom_padding=&#8221;30&#8243; overlay_strength=&#8221;0.3&#8243;][vc_column column_padding=&#8221;no-extra-padding&#8221; column_padding_position=&#8221;all&#8221; background_color_opacity=&#8221;1&#8243; background_hover_color_opacity=&#8221;1&#8243; column_shadow=&#8221;none&#8221; width=&#8221;1\/1&#8243; tablet_text_alignment=&#8221;default&#8221; phone_text_alignment=&#8221;default&#8221; column_border_width=&#8221;none&#8221; column_border_style=&#8221;solid&#8221;][vc_column_text] O SINDICATO [\/vc_column_text][\/vc_column][\/vc_row][vc_row type=&#8221;full_width_background&#8221; full_screen_row_position=&#8221;middle&#8221; equal_height=&#8221;yes&#8221; content_placement=&#8221;top&#8221; scene_position=&#8221;center&#8221; text_color=&#8221;dark&#8221;&#8230;<\/p>\n","protected":false},"author":1,"featured_media":0,"parent":0,"menu_order":0,"comment_status":"closed","ping_status":"closed","template":"page-sidebar.php","meta":[],"_links":{"self":[{"href":"https:\/\/sindpd.com.br\/novo\/wp-json\/wp\/v2\/pages\/14"}],"collection":[{"href":"https:\/\/sindpd.com.br\/novo\/wp-json\/wp\/v2\/pages"}],"about":[{"href":"https:\/\/sindpd.com.br\/novo\/wp-json\/wp\/v2\/types\/page"}],"author":[{"embeddable":true,"href":"https:\/\/sindpd.com.br\/novo\/wp-json\/wp\/v2\/users\/1"}],"replies":[{"embeddable":true,"href":"https:\/\/sindpd.com.br\/novo\/wp-json\/wp\/v2\/comments?post=14"}],"version-history":[{"count":42,"href":"https:\/\/sindpd.com.br\/novo\/wp-json\/wp\/v2\/pages\/14\/revisions"}],"predecessor-version":[{"id":937,"href":"https:\/\/sindpd.com.br\/novo\/wp-json\/wp\/v2\/pages\/14\/revisions\/937"}],"wp:attachment":[{"href":"https:\/\/sindpd.com.br\/novo\/wp-json\/wp\/v2\/media?parent=14"}],"curies":[{"name":"wp","href":"https:\/\/api.w.org\/{rel}","templated":true}]}}