{"id":163,"date":"2020-10-15T11:32:45","date_gmt":"2020-10-15T14:32:45","guid":{"rendered":"https:\/\/sindpd.com.br\/site\/?page_id=163"},"modified":"2025-04-01T16:46:32","modified_gmt":"2025-04-01T19:46:32","slug":"saude","status":"publish","type":"page","link":"https:\/\/sindpd.com.br\/novo\/saude\/","title":{"rendered":"SA\u00daDE"},"content":{"rendered":"[vc_row type=&#8221;full_width_background&#8221; full_screen_row_position=&#8221;middle&#8221; equal_height=&#8221;yes&#8221; content_placement=&#8221;top&#8221; scene_position=&#8221;center&#8221; text_color=&#8221;dark&#8221; text_align=&#8221;left&#8221; top_padding=&#8221;20&#8243; bottom_padding=&#8221;30&#8243; overlay_strength=&#8221;0.3&#8243;][vc_column column_padding=&#8221;no-extra-padding&#8221; column_padding_position=&#8221;all&#8221; background_color_opacity=&#8221;1&#8243; background_hover_color_opacity=&#8221;1&#8243; column_shadow=&#8221;none&#8221; width=&#8221;1\/1&#8243; tablet_text_alignment=&#8221;default&#8221; phone_text_alignment=&#8221;default&#8221; column_border_width=&#8221;none&#8221; column_border_style=&#8221;solid&#8221;][vc_column_text]\n<h4><span style=\"color: #022c66;\">CONV\u00caNIOS &#8211; SA\u00daDE E MAIS<\/span><\/h4>\n[\/vc_column_text]<div class=\"divider-wrap\"><div style=\"margin-top: 0px; height: 1px; margin-bottom: 0px;\" data-width=\"100%\" data-animate=\"\" data-animation-delay=\"\" data-color=\"default\" class=\"divider-border\"><\/div><\/div>[\/vc_column][\/vc_row][vc_row type=&#8221;full_width_background&#8221; full_screen_row_position=&#8221;middle&#8221; equal_height=&#8221;yes&#8221; content_placement=&#8221;top&#8221; scene_position=&#8221;center&#8221; text_color=&#8221;dark&#8221; text_align=&#8221;left&#8221; top_padding=&#8221;20&#8243; bottom_padding=&#8221;20&#8243; overlay_strength=&#8221;0.3&#8243;][vc_column column_padding=&#8221;no-extra-padding&#8221; column_padding_position=&#8221;all&#8221; background_color_opacity=&#8221;1&#8243; background_hover_color_opacity=&#8221;1&#8243; column_shadow=&#8221;none&#8221; width=&#8221;1\/1&#8243; tablet_text_alignment=&#8221;default&#8221; phone_text_alignment=&#8221;default&#8221; column_border_width=&#8221;none&#8221; column_border_style=&#8221;solid&#8221;][vc_column_text]\n<h3><span style=\"color: #022c66;\">CART\u00c3O MASTERCLIN\/SINDPD<\/span><\/h3>\n<p>\u00c9 um cart\u00e3o de vantagens e descontos, que contribui no dia a dia buscando economia em compras e contrata\u00e7\u00e3o de produtos e servi\u00e7os, os descontos podem chegar at\u00e9 40% (n\u00e3o possui anuidade ou cobran\u00e7a).<\/p>\n[\/vc_column_text]<div class=\"divider-wrap\"><div style=\"height: 10px;\" class=\"divider\"><\/div><\/div><div class=\"img-with-aniamtion-wrap \" data-max-width=\"100%\"><div class=\"inner\"><img data-shadow=\"none\" data-shadow-direction=\"middle\" class=\"img-with-animation \" data-delay=\"0\" height=\"567\" width=\"567\" data-animation=\"fade-in\" src=\"https:\/\/sindpd.com.br\/novo\/wp-content\/uploads\/2021\/12\/MASTERCLIN.jpg\" srcset=\"https:\/\/sindpd.com.br\/novo\/wp-content\/uploads\/2021\/12\/MASTERCLIN.jpg 567w, https:\/\/sindpd.com.br\/novo\/wp-content\/uploads\/2021\/12\/MASTERCLIN-300x300.jpg 300w, https:\/\/sindpd.com.br\/novo\/wp-content\/uploads\/2021\/12\/MASTERCLIN-150x150.jpg 150w, https:\/\/sindpd.com.br\/novo\/wp-content\/uploads\/2021\/12\/MASTERCLIN-100x100.jpg 100w, https:\/\/sindpd.com.br\/novo\/wp-content\/uploads\/2021\/12\/MASTERCLIN-500x500.jpg 500w, https:\/\/sindpd.com.br\/novo\/wp-content\/uploads\/2021\/12\/MASTERCLIN-350x350.jpg 350w\" alt=\"\" \/><\/div><\/div>[\/vc_column][\/vc_row][vc_row type=&#8221;full_width_background&#8221; full_screen_row_position=&#8221;middle&#8221; equal_height=&#8221;yes&#8221; content_placement=&#8221;top&#8221; scene_position=&#8221;center&#8221; text_color=&#8221;dark&#8221; text_align=&#8221;left&#8221; top_padding=&#8221;20&#8243; bottom_padding=&#8221;20&#8243; overlay_strength=&#8221;0.3&#8243;][vc_column column_padding=&#8221;no-extra-padding&#8221; column_padding_position=&#8221;all&#8221; background_color_opacity=&#8221;1&#8243; background_hover_color_opacity=&#8221;1&#8243; column_shadow=&#8221;none&#8221; width=&#8221;1\/1&#8243; tablet_text_alignment=&#8221;default&#8221; phone_text_alignment=&#8221;default&#8221; column_border_width=&#8221;none&#8221; column_border_style=&#8221;solid&#8221;][vc_column_text]\n<h3><span style=\"color: #022c66;\">SA\u00daDE BUCAL<\/span><\/h3>\n<p>Em parceria com a Doutora Ivana Alvarez, o SindPD, pensando no bem estar dos associados e dependentes, disponibiliza os tratamentos odontol\u00f3gicos: restaura\u00e7\u00f5es, limpeza, aplica\u00e7\u00e3o de fl\u00faor e outros. O valor da consulta \u00e9 de R$45,00, sendo descontado somente no final do tratamento diretamente em folha de pagamento.<\/p>\n<p>As consultas s\u00e3o agendadas diretamente com o SindPD. Se o associado necessitar de tratamentos que n\u00e3o est\u00e3o dentro da cobertura subsidiada pelo SindPD, estes servi\u00e7os (ver cobertura com SindPD) poder\u00e3o ser efetuados atrav\u00e9s de nosso conv\u00eanio normal (financiamento em at\u00e9 05 vezes sem juros).[\/vc_column_text][\/vc_column][\/vc_row][vc_row type=&#8221;full_width_background&#8221; full_screen_row_position=&#8221;middle&#8221; equal_height=&#8221;yes&#8221; content_placement=&#8221;top&#8221; scene_position=&#8221;center&#8221; text_color=&#8221;dark&#8221; text_align=&#8221;left&#8221; top_padding=&#8221;20&#8243; bottom_padding=&#8221;20&#8243; overlay_strength=&#8221;0.3&#8243;][vc_column column_padding=&#8221;no-extra-padding&#8221; column_padding_position=&#8221;all&#8221; background_color_opacity=&#8221;1&#8243; background_hover_color_opacity=&#8221;1&#8243; column_shadow=&#8221;none&#8221; width=&#8221;1\/1&#8243; tablet_text_alignment=&#8221;default&#8221; phone_text_alignment=&#8221;default&#8221; column_border_width=&#8221;none&#8221; column_border_style=&#8221;solid&#8221;][vc_column_text]\n<h3><span style=\"color: #022c66;\">UNIODONTO<\/span><\/h3>\n[\/vc_column_text]<div class=\"divider-wrap\"><div style=\"height: 10px;\" class=\"divider\"><\/div><\/div><div class=\"img-with-aniamtion-wrap \" data-max-width=\"100%\"><div class=\"inner\"><a href=\"mailto: posvendasjvl@uniodontosc.com.br\" target=\"_self\" class=\"\"><img data-shadow=\"none\" data-shadow-direction=\"middle\" class=\"img-with-animation \" data-delay=\"0\" height=\"1600\" width=\"1130\" data-animation=\"fade-in\" src=\"https:\/\/sindpd.com.br\/novo\/wp-content\/uploads\/2025\/04\/Imagem-do-WhatsApp-de-2025-04-01-as-16.43.28_2a659c81.jpg\" srcset=\"https:\/\/sindpd.com.br\/novo\/wp-content\/uploads\/2025\/04\/Imagem-do-WhatsApp-de-2025-04-01-as-16.43.28_2a659c81.jpg 1130w, https:\/\/sindpd.com.br\/novo\/wp-content\/uploads\/2025\/04\/Imagem-do-WhatsApp-de-2025-04-01-as-16.43.28_2a659c81-212x300.jpg 212w, https:\/\/sindpd.com.br\/novo\/wp-content\/uploads\/2025\/04\/Imagem-do-WhatsApp-de-2025-04-01-as-16.43.28_2a659c81-723x1024.jpg 723w, https:\/\/sindpd.com.br\/novo\/wp-content\/uploads\/2025\/04\/Imagem-do-WhatsApp-de-2025-04-01-as-16.43.28_2a659c81-768x1087.jpg 768w, https:\/\/sindpd.com.br\/novo\/wp-content\/uploads\/2025\/04\/Imagem-do-WhatsApp-de-2025-04-01-as-16.43.28_2a659c81-1085x1536.jpg 1085w\" alt=\"\" \/><\/a><\/div><\/div>[\/vc_column][\/vc_row]\n","protected":false},"excerpt":{"rendered":"<p>[vc_row type=&#8221;full_width_background&#8221; full_screen_row_position=&#8221;middle&#8221; equal_height=&#8221;yes&#8221; content_placement=&#8221;top&#8221; scene_position=&#8221;center&#8221; text_color=&#8221;dark&#8221; text_align=&#8221;left&#8221; top_padding=&#8221;20&#8243; bottom_padding=&#8221;30&#8243; overlay_strength=&#8221;0.3&#8243;][vc_column column_padding=&#8221;no-extra-padding&#8221; column_padding_position=&#8221;all&#8221; background_color_opacity=&#8221;1&#8243; background_hover_color_opacity=&#8221;1&#8243; column_shadow=&#8221;none&#8221; width=&#8221;1\/1&#8243; tablet_text_alignment=&#8221;default&#8221; phone_text_alignment=&#8221;default&#8221; column_border_width=&#8221;none&#8221; column_border_style=&#8221;solid&#8221;][vc_column_text] CONV\u00caNIOS &#8211; SA\u00daDE E MAIS [\/vc_column_text][\/vc_column][\/vc_row][vc_row type=&#8221;full_width_background&#8221; full_screen_row_position=&#8221;middle&#8221; equal_height=&#8221;yes&#8221;&#8230;<\/p>\n","protected":false},"author":1,"featured_media":0,"parent":0,"menu_order":0,"comment_status":"closed","ping_status":"closed","template":"page-sidebar.php","meta":[],"_links":{"self":[{"href":"https:\/\/sindpd.com.br\/novo\/wp-json\/wp\/v2\/pages\/163"}],"collection":[{"href":"https:\/\/sindpd.com.br\/novo\/wp-json\/wp\/v2\/pages"}],"about":[{"href":"https:\/\/sindpd.com.br\/novo\/wp-json\/wp\/v2\/types\/page"}],"author":[{"embeddable":true,"href":"https:\/\/sindpd.com.br\/novo\/wp-json\/wp\/v2\/users\/1"}],"replies":[{"embeddable":true,"href":"https:\/\/sindpd.com.br\/novo\/wp-json\/wp\/v2\/comments?post=163"}],"version-history":[{"count":13,"href":"https:\/\/sindpd.com.br\/novo\/wp-json\/wp\/v2\/pages\/163\/revisions"}],"predecessor-version":[{"id":955,"href":"https:\/\/sindpd.com.br\/novo\/wp-json\/wp\/v2\/pages\/163\/revisions\/955"}],"wp:attachment":[{"href":"https:\/\/sindpd.com.br\/novo\/wp-json\/wp\/v2\/media?parent=163"}],"curies":[{"name":"wp","href":"https:\/\/api.w.org\/{rel}","templated":true}]}}