{"id":165,"date":"2020-10-15T11:34:29","date_gmt":"2020-10-15T14:34:29","guid":{"rendered":"https:\/\/sindpd.com.br\/site\/?page_id=165"},"modified":"2021-11-30T15:24:24","modified_gmt":"2021-11-30T18:24:24","slug":"auxilios","status":"publish","type":"page","link":"https:\/\/sindpd.com.br\/novo\/auxilios\/","title":{"rendered":"AUX\u00cdLIOS"},"content":{"rendered":"[vc_row type=&#8221;full_width_background&#8221; full_screen_row_position=&#8221;middle&#8221; equal_height=&#8221;yes&#8221; content_placement=&#8221;top&#8221; scene_position=&#8221;center&#8221; text_color=&#8221;dark&#8221; text_align=&#8221;left&#8221; top_padding=&#8221;20&#8243; bottom_padding=&#8221;30&#8243; overlay_strength=&#8221;0.3&#8243;][vc_column column_padding=&#8221;no-extra-padding&#8221; column_padding_position=&#8221;all&#8221; background_color_opacity=&#8221;1&#8243; background_hover_color_opacity=&#8221;1&#8243; column_shadow=&#8221;none&#8221; width=&#8221;1\/1&#8243; tablet_text_alignment=&#8221;default&#8221; phone_text_alignment=&#8221;default&#8221; column_border_width=&#8221;none&#8221; column_border_style=&#8221;solid&#8221;][vc_column_text]\n<h4><span style=\"color: #022c66;\">CONV\u00caNIOS &#8211; AUX\u00cdLIOS<\/span><\/h4>\n[\/vc_column_text]<div class=\"divider-wrap\"><div style=\"margin-top: 0px; height: 1px; margin-bottom: 0px;\" data-width=\"100%\" data-animate=\"\" data-animation-delay=\"\" data-color=\"default\" class=\"divider-border\"><\/div><\/div>[\/vc_column][\/vc_row][vc_row type=&#8221;full_width_background&#8221; full_screen_row_position=&#8221;middle&#8221; equal_height=&#8221;yes&#8221; content_placement=&#8221;top&#8221; scene_position=&#8221;center&#8221; text_color=&#8221;dark&#8221; text_align=&#8221;left&#8221; top_padding=&#8221;20&#8243; bottom_padding=&#8221;20&#8243; overlay_strength=&#8221;0.3&#8243;][vc_column column_padding=&#8221;no-extra-padding&#8221; column_padding_position=&#8221;all&#8221; background_color_opacity=&#8221;1&#8243; background_hover_color_opacity=&#8221;1&#8243; column_shadow=&#8221;none&#8221; width=&#8221;1\/2&#8243; tablet_text_alignment=&#8221;default&#8221; phone_text_alignment=&#8221;default&#8221; column_border_width=&#8221;none&#8221; column_border_style=&#8221;solid&#8221;][vc_column_text]\n<h3><span style=\"color: #022c66;\">AUX\u00cdLIO MEDICAMENTOS<br \/>\n<\/span><span style=\"color: #022c66;\"> (para a cidade de Joinville)<\/span><\/h3>\n<p><img loading=\"lazy\" class=\"alignnone size-medium wp-image-189\" src=\"https:\/\/sindpd.com.br\/site\/wp-content\/uploads\/2020\/10\/1_medicamentos-300x199.jpg\" alt=\"\" width=\"300\" height=\"199\" srcset=\"https:\/\/sindpd.com.br\/novo\/wp-content\/uploads\/2020\/10\/1_medicamentos-300x199.jpg 300w, https:\/\/sindpd.com.br\/novo\/wp-content\/uploads\/2020\/10\/1_medicamentos.jpg 340w\" sizes=\"(max-width: 300px) 100vw, 300px\" \/><\/p>\n<p>Os SINDICALIZADOS (associados) do SindPD-Jlle e Regi\u00e3o, s\u00e3o beneficiados com o ressarcimento em folha de pagamento em 75% (setenta e cinco porcento) dos medicamentos, aviados por receita m\u00e9dica e por nota fiscal. Direito este adquirido pela Conven\u00e7\u00e3o Coletiva de Trabalho da cidade de Joinville.<\/p>\n<p>Para maiores informa\u00e7\u00f5es, consultar a Cl\u00e1usula Aux\u00edlio Medicamentos da Conven\u00e7\u00e3o Coletiva de Trabalho de Joinville.[\/vc_column_text][\/vc_column][vc_column column_padding=&#8221;no-extra-padding&#8221; column_padding_position=&#8221;all&#8221; background_color_opacity=&#8221;1&#8243; background_hover_color_opacity=&#8221;1&#8243; column_shadow=&#8221;none&#8221; width=&#8221;1\/2&#8243; tablet_text_alignment=&#8221;default&#8221; phone_text_alignment=&#8221;default&#8221; column_border_width=&#8221;none&#8221; column_border_style=&#8221;solid&#8221;][vc_column_text]\n<h3><span style=\"color: #022c66;\">AUX\u00cdLIO CRECHE<br \/>\n<\/span><span style=\"color: #022c66;\"> (para a cidade de Joinville)<\/span><\/h3>\n<p><img loading=\"lazy\" class=\"alignnone size-medium wp-image-192\" src=\"https:\/\/sindpd.com.br\/site\/wp-content\/uploads\/2020\/10\/creche-300x173.jpg\" alt=\"\" width=\"300\" height=\"173\" srcset=\"https:\/\/sindpd.com.br\/novo\/wp-content\/uploads\/2020\/10\/creche-300x173.jpg 300w, https:\/\/sindpd.com.br\/novo\/wp-content\/uploads\/2020\/10\/creche.jpg 340w\" sizes=\"(max-width: 300px) 100vw, 300px\" \/><\/p>\n<p>As SINDICALIZADAS (associadas) do SindPD-Jlle e Regi\u00e3o, s\u00e3o beneficiadas com o auxilio creche para crian\u00e7as menores de 1 ano, mediante cr\u00e9dito em folha de pagamento. Direito este adquirido pela Conven\u00e7\u00e3o Coletiva de Trabalho da cidade de Joinville.<\/p>\n<p>Para fazer jus ao presente benef\u00edcio, a empregada deve estar associada ao Sindicato Laboral pelo um m\u00eas antes do in\u00edcio da gesta\u00e7\u00e3o do filho para o qual pleiteia o benef\u00edcio ou estar associada at\u00e9 a assinatura desta Conven\u00e7\u00e3o Coletiva de Trabalho.<\/p>\n<p>Para maiores informa\u00e7\u00f5es, consultar a Cl\u00e1usula Aux\u00edlio Creche da Conven\u00e7\u00e3o Coletiva de Trabalho de Joinville.[\/vc_column_text][\/vc_column][\/vc_row]\n","protected":false},"excerpt":{"rendered":"<p>[vc_row type=&#8221;full_width_background&#8221; full_screen_row_position=&#8221;middle&#8221; equal_height=&#8221;yes&#8221; content_placement=&#8221;top&#8221; scene_position=&#8221;center&#8221; text_color=&#8221;dark&#8221; text_align=&#8221;left&#8221; top_padding=&#8221;20&#8243; bottom_padding=&#8221;30&#8243; overlay_strength=&#8221;0.3&#8243;][vc_column column_padding=&#8221;no-extra-padding&#8221; column_padding_position=&#8221;all&#8221; background_color_opacity=&#8221;1&#8243; background_hover_color_opacity=&#8221;1&#8243; column_shadow=&#8221;none&#8221; width=&#8221;1\/1&#8243; tablet_text_alignment=&#8221;default&#8221; phone_text_alignment=&#8221;default&#8221; column_border_width=&#8221;none&#8221; column_border_style=&#8221;solid&#8221;][vc_column_text] CONV\u00caNIOS &#8211; AUX\u00cdLIOS [\/vc_column_text][\/vc_column][\/vc_row][vc_row type=&#8221;full_width_background&#8221; full_screen_row_position=&#8221;middle&#8221; equal_height=&#8221;yes&#8221; content_placement=&#8221;top&#8221; scene_position=&#8221;center&#8221;&#8230;<\/p>\n","protected":false},"author":1,"featured_media":0,"parent":0,"menu_order":0,"comment_status":"closed","ping_status":"closed","template":"page-sidebar.php","meta":[],"_links":{"self":[{"href":"https:\/\/sindpd.com.br\/novo\/wp-json\/wp\/v2\/pages\/165"}],"collection":[{"href":"https:\/\/sindpd.com.br\/novo\/wp-json\/wp\/v2\/pages"}],"about":[{"href":"https:\/\/sindpd.com.br\/novo\/wp-json\/wp\/v2\/types\/page"}],"author":[{"embeddable":true,"href":"https:\/\/sindpd.com.br\/novo\/wp-json\/wp\/v2\/users\/1"}],"replies":[{"embeddable":true,"href":"https:\/\/sindpd.com.br\/novo\/wp-json\/wp\/v2\/comments?post=165"}],"version-history":[{"count":9,"href":"https:\/\/sindpd.com.br\/novo\/wp-json\/wp\/v2\/pages\/165\/revisions"}],"predecessor-version":[{"id":591,"href":"https:\/\/sindpd.com.br\/novo\/wp-json\/wp\/v2\/pages\/165\/revisions\/591"}],"wp:attachment":[{"href":"https:\/\/sindpd.com.br\/novo\/wp-json\/wp\/v2\/media?parent=165"}],"curies":[{"name":"wp","href":"https:\/\/api.w.org\/{rel}","templated":true}]}}