{"id":167,"date":"2020-10-15T11:35:45","date_gmt":"2020-10-15T14:35:45","guid":{"rendered":"https:\/\/sindpd.com.br\/site\/?page_id=167"},"modified":"2022-03-08T15:07:45","modified_gmt":"2022-03-08T18:07:45","slug":"cartao-good-card","status":"publish","type":"page","link":"https:\/\/sindpd.com.br\/novo\/cartao-good-card\/","title":{"rendered":"CART\u00c3O GOOD CARD"},"content":{"rendered":"[vc_row type=&#8221;full_width_background&#8221; full_screen_row_position=&#8221;middle&#8221; equal_height=&#8221;yes&#8221; content_placement=&#8221;top&#8221; scene_position=&#8221;center&#8221; text_color=&#8221;dark&#8221; text_align=&#8221;left&#8221; top_padding=&#8221;20&#8243; bottom_padding=&#8221;30&#8243; overlay_strength=&#8221;0.3&#8243;][vc_column column_padding=&#8221;no-extra-padding&#8221; column_padding_position=&#8221;all&#8221; background_color_opacity=&#8221;1&#8243; background_hover_color_opacity=&#8221;1&#8243; column_shadow=&#8221;none&#8221; width=&#8221;1\/1&#8243; tablet_text_alignment=&#8221;default&#8221; phone_text_alignment=&#8221;default&#8221; column_border_width=&#8221;none&#8221; column_border_style=&#8221;solid&#8221;][vc_column_text]\n<h4><span style=\"color: #022c66;\">CONV\u00caNIOS &#8211; CART\u00c3O GOOD CARD<\/span><\/h4>\n[\/vc_column_text]<div class=\"divider-wrap\"><div style=\"margin-top: 0px; height: 1px; margin-bottom: 0px;\" data-width=\"100%\" data-animate=\"\" data-animation-delay=\"\" data-color=\"default\" class=\"divider-border\"><\/div><\/div>[\/vc_column][\/vc_row][vc_row type=&#8221;full_width_background&#8221; full_screen_row_position=&#8221;middle&#8221; equal_height=&#8221;yes&#8221; content_placement=&#8221;top&#8221; scene_position=&#8221;center&#8221; text_color=&#8221;dark&#8221; text_align=&#8221;left&#8221; top_padding=&#8221;20&#8243; bottom_padding=&#8221;20&#8243; overlay_strength=&#8221;0.3&#8243;][vc_column column_padding=&#8221;no-extra-padding&#8221; column_padding_position=&#8221;all&#8221; background_color_opacity=&#8221;1&#8243; background_hover_color_opacity=&#8221;1&#8243; column_shadow=&#8221;none&#8221; width=&#8221;1\/1&#8243; tablet_text_alignment=&#8221;default&#8221; phone_text_alignment=&#8221;default&#8221; column_border_width=&#8221;none&#8221; column_border_style=&#8221;solid&#8221;][vc_column_text]Os cart\u00f5es conv\u00eanio Good Card Plus SindPD, al\u00e9m de identifica-lo como associado(a), tamb\u00e9m tem a fun\u00e7\u00e3o de cr\u00e9dito. Dispensam ordens de compra e oferece uma s\u00e9rie de benef\u00edcios e funcionalidades que facilitam o pagamento de suas compras, garantindo comodidade e tranq\u00fcilidade para voc\u00ea e para sua fam\u00edlia.<\/p>\n<p>A fun\u00e7\u00e3o de cr\u00e9dito ser\u00e1 liberada assim que voc\u00ea usar o cart\u00e3o pela primeira vez. Voc\u00ea ter\u00e1 um limite de cr\u00e9dito pr\u00e9 aprovado de 30% do valor do seu sal\u00e1rio nominal, limitado num primeiro momento ao teto m\u00e1ximo de R$1.200,00, informamos ainda que o cart\u00e3o n\u00e3o t\u00eam cobran\u00e7a de anuidade apenas das despesas com a utiliza\u00e7\u00e3o do mesmo, que ser\u00e1 atrav\u00e9s de desconto em folha de pagamento, o limite de cr\u00e9dito n\u00e3o est\u00e1 dispon\u00edvel para fun\u00e7\u00e3o saque, apenas compras na rede credenciada.<\/p>\n<p>Vantagens:<\/p>\n<p>Desconto autom\u00e1tico em folha de pagamento, nada de enfrentar filas em banco ou lot\u00e9ricas.<\/p>\n<p>At\u00e9 40 dias para pagar (conforme a data da compra).<\/p>\n<p>Sem anuidade.<\/p>\n<p>Rede nacional de estabelecimentos<\/p>\n<p>Mais de 23 mil pontos-de-venda para compras em supermercados, farm\u00e1cias, postos de combust\u00edveis e diversos outros estabelecimentos. Confira as lojas autorizadas por sua empresa. &#8211; Seu Good Card vale mais \u2013 Nos estabelecimentos da rede Good Card, h\u00e1 sempre descontos ou promo\u00e7\u00f5es criados especialmente para os usu\u00e1rios dos nossos cart\u00f5es.<\/p>\n<p>Consulta aos estabelecimentos credenciados pela Internet. &#8211; Extrato via Internet \u2013 Atrav\u00e9s da se\u00e7\u00e3o Meu Cart\u00e3o, no site\u00a0<a href=\"http:\/\/www.goodcard.com.br\">www.goodcard.com.br<\/a>, voc\u00ea pode conferir seu extrato ou programar o recebimento do saldo por e-mail. &#8211; SAC 24 horas \u2013 Servi\u00e7o de Atendimento ao Cliente a qualquer hora do dia e da noite pelo telefone (51) 3590-7900. &#8211; Tele-saldo por telefone \u2013 Servi\u00e7o 24 horas atrav\u00e9s do telefone (51) 3598-8747.<\/p>\n<p>&#8211; Tele-bloqueio \u2013 Servi\u00e7o 24 horas atrav\u00e9s do telefone (51) 3598-8748. Onde Comprar S\u00e3o mais de 23 mil pontos-de-venda em todo o pa\u00eds. Confira no link abaixo a lista de estabelecimentos autorizados e boas compras!<\/p>\n<p><a href=\"http:\/\/goodcard.com.br\/embratec\/ondecomprar\/RedePlus.cfm\">http:\/\/goodcard.com.br\/embratec\/ondecomprar\/RedePlus.cfm<\/a>[\/vc_column_text][\/vc_column][\/vc_row]\n","protected":false},"excerpt":{"rendered":"<p>[vc_row type=&#8221;full_width_background&#8221; full_screen_row_position=&#8221;middle&#8221; equal_height=&#8221;yes&#8221; content_placement=&#8221;top&#8221; scene_position=&#8221;center&#8221; text_color=&#8221;dark&#8221; text_align=&#8221;left&#8221; top_padding=&#8221;20&#8243; bottom_padding=&#8221;30&#8243; overlay_strength=&#8221;0.3&#8243;][vc_column column_padding=&#8221;no-extra-padding&#8221; column_padding_position=&#8221;all&#8221; background_color_opacity=&#8221;1&#8243; background_hover_color_opacity=&#8221;1&#8243; column_shadow=&#8221;none&#8221; width=&#8221;1\/1&#8243; tablet_text_alignment=&#8221;default&#8221; phone_text_alignment=&#8221;default&#8221; column_border_width=&#8221;none&#8221; column_border_style=&#8221;solid&#8221;][vc_column_text] CONV\u00caNIOS &#8211; CART\u00c3O GOOD CARD [\/vc_column_text][\/vc_column][\/vc_row][vc_row type=&#8221;full_width_background&#8221; full_screen_row_position=&#8221;middle&#8221; equal_height=&#8221;yes&#8221;&#8230;<\/p>\n","protected":false},"author":1,"featured_media":0,"parent":0,"menu_order":0,"comment_status":"closed","ping_status":"closed","template":"page-sidebar.php","meta":[],"_links":{"self":[{"href":"https:\/\/sindpd.com.br\/novo\/wp-json\/wp\/v2\/pages\/167"}],"collection":[{"href":"https:\/\/sindpd.com.br\/novo\/wp-json\/wp\/v2\/pages"}],"about":[{"href":"https:\/\/sindpd.com.br\/novo\/wp-json\/wp\/v2\/types\/page"}],"author":[{"embeddable":true,"href":"https:\/\/sindpd.com.br\/novo\/wp-json\/wp\/v2\/users\/1"}],"replies":[{"embeddable":true,"href":"https:\/\/sindpd.com.br\/novo\/wp-json\/wp\/v2\/comments?post=167"}],"version-history":[{"count":3,"href":"https:\/\/sindpd.com.br\/novo\/wp-json\/wp\/v2\/pages\/167\/revisions"}],"predecessor-version":[{"id":614,"href":"https:\/\/sindpd.com.br\/novo\/wp-json\/wp\/v2\/pages\/167\/revisions\/614"}],"wp:attachment":[{"href":"https:\/\/sindpd.com.br\/novo\/wp-json\/wp\/v2\/media?parent=167"}],"curies":[{"name":"wp","href":"https:\/\/api.w.org\/{rel}","templated":true}]}}