{"id":174,"date":"2020-10-15T11:39:32","date_gmt":"2020-10-15T14:39:32","guid":{"rendered":"https:\/\/sindpd.com.br\/site\/?page_id=174"},"modified":"2021-12-02T10:37:39","modified_gmt":"2021-12-02T13:37:39","slug":"emprestimos","status":"publish","type":"page","link":"https:\/\/sindpd.com.br\/novo\/emprestimos\/","title":{"rendered":"EMPR\u00c9STIMOS"},"content":{"rendered":"[vc_row type=&#8221;full_width_background&#8221; full_screen_row_position=&#8221;middle&#8221; equal_height=&#8221;yes&#8221; content_placement=&#8221;top&#8221; scene_position=&#8221;center&#8221; text_color=&#8221;dark&#8221; text_align=&#8221;left&#8221; top_padding=&#8221;20&#8243; bottom_padding=&#8221;30&#8243; overlay_strength=&#8221;0.3&#8243;][vc_column column_padding=&#8221;no-extra-padding&#8221; column_padding_position=&#8221;all&#8221; background_color_opacity=&#8221;1&#8243; background_hover_color_opacity=&#8221;1&#8243; column_shadow=&#8221;none&#8221; width=&#8221;1\/1&#8243; tablet_text_alignment=&#8221;default&#8221; phone_text_alignment=&#8221;default&#8221; column_border_width=&#8221;none&#8221; column_border_style=&#8221;solid&#8221;][vc_column_text]\n<h4><span style=\"color: #022c66;\">CONV\u00caNIOS &#8211; EMPR\u00c9STIMOS<\/span><\/h4>\n[\/vc_column_text]<div class=\"divider-wrap\"><div style=\"margin-top: 0px; height: 1px; margin-bottom: 0px;\" data-width=\"100%\" data-animate=\"\" data-animation-delay=\"\" data-color=\"default\" class=\"divider-border\"><\/div><\/div>[\/vc_column][\/vc_row][vc_row type=&#8221;full_width_background&#8221; full_screen_row_position=&#8221;middle&#8221; equal_height=&#8221;yes&#8221; content_placement=&#8221;top&#8221; scene_position=&#8221;center&#8221; text_color=&#8221;dark&#8221; text_align=&#8221;left&#8221; top_padding=&#8221;20&#8243; bottom_padding=&#8221;20&#8243; overlay_strength=&#8221;0.3&#8243;][vc_column column_padding=&#8221;no-extra-padding&#8221; column_padding_position=&#8221;all&#8221; background_color_opacity=&#8221;1&#8243; background_hover_color_opacity=&#8221;1&#8243; column_shadow=&#8221;none&#8221; width=&#8221;1\/1&#8243; tablet_text_alignment=&#8221;default&#8221; phone_text_alignment=&#8221;default&#8221; column_border_width=&#8221;none&#8221; column_border_style=&#8221;solid&#8221;][vc_column_text]O SindPD disponibiliza somente para os associados empr\u00e9stimos em tr\u00eas modalidades:<\/p>\n<p><strong>Empr\u00e9stimo Odontol\u00f3gico.<\/strong><\/p>\n<p><strong>Empr\u00e9stimo Interna\u00e7\u00e3o Hospitalar<\/strong><\/p>\n<p><strong>Empr\u00e9stimo\u00a0Material Escolar<\/strong><\/p>\n<p>Os empr\u00e9stimos odontol\u00f3gicos e de interna\u00e7\u00e3o hospitalar s\u00e3o financiados em at\u00e9 05 vezes e descontados em folha de pagamento, com limite vinculado ao teto m\u00e1ximo de R$ 1.200,00 ou 30% do Sal\u00e1rio Normativo do associado.<\/p>\n<p>Os empr\u00e9stimos para material escolar s\u00e3o financiados em at\u00e9 05 vezes e descontados em folha de pagamento, com limite vinculado ao teto m\u00e1ximo de R$650,00.<\/p>\n<p>Os empr\u00e9stimos s\u00e3o financiados sem juros, apenas anexar ao pedido de empr\u00e9stimo o comprovante de pagamento (recibo ou nota fiscal) (maiores informa\u00e7\u00f5es no telefone 3028-1779 whatsapp).[\/vc_column_text][\/vc_column][\/vc_row][vc_row type=&#8221;full_width_background&#8221; full_screen_row_position=&#8221;middle&#8221; equal_height=&#8221;yes&#8221; content_placement=&#8221;top&#8221; scene_position=&#8221;center&#8221; text_color=&#8221;dark&#8221; text_align=&#8221;left&#8221; top_padding=&#8221;20&#8243; bottom_padding=&#8221;20&#8243; overlay_strength=&#8221;0.3&#8243;][vc_column column_padding=&#8221;no-extra-padding&#8221; column_padding_position=&#8221;all&#8221; background_color_opacity=&#8221;1&#8243; background_hover_color_opacity=&#8221;1&#8243; column_shadow=&#8221;none&#8221; width=&#8221;1\/1&#8243; tablet_text_alignment=&#8221;default&#8221; phone_text_alignment=&#8221;default&#8221; column_border_width=&#8221;none&#8221; column_border_style=&#8221;solid&#8221;][vc_column_text]\n<h3><span style=\"color: #022c66;\">CR\u00c9DITO EMERGENCIAL<\/span><\/h3>\n[\/vc_column_text]<div class=\"divider-wrap\"><div style=\"height: 10px;\" class=\"divider\"><\/div><\/div>[vc_column_text]O SindPD disp\u00f5e aos associados o Cr\u00e9dito Emergencial. O valor do cr\u00e9dito a ser liberado depender\u00e1 da an\u00e1lise de folha de pagamento.<\/p>\n<p>Para a libera\u00e7\u00e3o do credito, existe uma contribui\u00e7\u00e3o administrativa, o valor desta contribui\u00e7\u00e3o depende do valor que for liberado para cr\u00e9dito emergencial.<\/p>\n<p>O cr\u00e9dito deve ser solicitado via e-mail, juntamente com as 3 ultimas folhas de pagamento, para que o financeiro possa analisar o valor a ser liberado.<\/p>\n<p>A solicita\u00e7\u00e3o dos empr\u00e9stimos\/cr\u00e9ditos dever\u00e1 ser encaminhada ao SindPD at\u00e9 o dia 15 de cada m\u00eas. Os pagamentos dos empr\u00e9stimos estar\u00e3o dispon\u00edveis at\u00e9 o 10\u00b0 dia \u00fatil do m\u00eas subsequente ao solicitado, mediante capital dispon\u00edvel, caso n\u00e3o tenha mais capital o pagamento ser efetuado no pr\u00f3ximo m\u00eas.<\/p>\n<p><strong>Obs.:<\/strong><br \/>\n\u2013 Car\u00eancia m\u00ednima de 06 (seis) meses de filia\u00e7\u00e3o ao SindPD Jlle e Regi\u00e3o;<br \/>\n\u2013 Os empr\u00e9stimos s\u00e3o liberados mediante a an\u00e1lise de folha de pagamento;[\/vc_column_text][\/vc_column][\/vc_row]\n","protected":false},"excerpt":{"rendered":"<p>[vc_row type=&#8221;full_width_background&#8221; full_screen_row_position=&#8221;middle&#8221; equal_height=&#8221;yes&#8221; content_placement=&#8221;top&#8221; scene_position=&#8221;center&#8221; text_color=&#8221;dark&#8221; text_align=&#8221;left&#8221; top_padding=&#8221;20&#8243; bottom_padding=&#8221;30&#8243; overlay_strength=&#8221;0.3&#8243;][vc_column column_padding=&#8221;no-extra-padding&#8221; column_padding_position=&#8221;all&#8221; background_color_opacity=&#8221;1&#8243; background_hover_color_opacity=&#8221;1&#8243; column_shadow=&#8221;none&#8221; width=&#8221;1\/1&#8243; tablet_text_alignment=&#8221;default&#8221; phone_text_alignment=&#8221;default&#8221; column_border_width=&#8221;none&#8221; column_border_style=&#8221;solid&#8221;][vc_column_text] CONV\u00caNIOS &#8211; EMPR\u00c9STIMOS [\/vc_column_text][\/vc_column][\/vc_row][vc_row type=&#8221;full_width_background&#8221; full_screen_row_position=&#8221;middle&#8221; equal_height=&#8221;yes&#8221; content_placement=&#8221;top&#8221; scene_position=&#8221;center&#8221;&#8230;<\/p>\n","protected":false},"author":1,"featured_media":0,"parent":0,"menu_order":0,"comment_status":"closed","ping_status":"closed","template":"page-sidebar.php","meta":[],"_links":{"self":[{"href":"https:\/\/sindpd.com.br\/novo\/wp-json\/wp\/v2\/pages\/174"}],"collection":[{"href":"https:\/\/sindpd.com.br\/novo\/wp-json\/wp\/v2\/pages"}],"about":[{"href":"https:\/\/sindpd.com.br\/novo\/wp-json\/wp\/v2\/types\/page"}],"author":[{"embeddable":true,"href":"https:\/\/sindpd.com.br\/novo\/wp-json\/wp\/v2\/users\/1"}],"replies":[{"embeddable":true,"href":"https:\/\/sindpd.com.br\/novo\/wp-json\/wp\/v2\/comments?post=174"}],"version-history":[{"count":9,"href":"https:\/\/sindpd.com.br\/novo\/wp-json\/wp\/v2\/pages\/174\/revisions"}],"predecessor-version":[{"id":600,"href":"https:\/\/sindpd.com.br\/novo\/wp-json\/wp\/v2\/pages\/174\/revisions\/600"}],"wp:attachment":[{"href":"https:\/\/sindpd.com.br\/novo\/wp-json\/wp\/v2\/media?parent=174"}],"curies":[{"name":"wp","href":"https:\/\/api.w.org\/{rel}","templated":true}]}}