{"id":26,"date":"2020-10-13T20:11:04","date_gmt":"2020-10-13T23:11:04","guid":{"rendered":"https:\/\/sindpd.com.br\/site\/?page_id=26"},"modified":"2020-11-10T23:37:42","modified_gmt":"2020-11-11T02:37:42","slug":"seus-direitos","status":"publish","type":"page","link":"https:\/\/sindpd.com.br\/novo\/seus-direitos\/","title":{"rendered":"SEUS DIREITOS"},"content":{"rendered":"[vc_row type=&#8221;full_width_background&#8221; full_screen_row_position=&#8221;middle&#8221; equal_height=&#8221;yes&#8221; content_placement=&#8221;top&#8221; scene_position=&#8221;center&#8221; text_color=&#8221;dark&#8221; text_align=&#8221;left&#8221; top_padding=&#8221;20&#8243; bottom_padding=&#8221;30&#8243; overlay_strength=&#8221;0.3&#8243;][vc_column column_padding=&#8221;no-extra-padding&#8221; column_padding_position=&#8221;all&#8221; background_color_opacity=&#8221;1&#8243; background_hover_color_opacity=&#8221;1&#8243; column_shadow=&#8221;none&#8221; width=&#8221;1\/1&#8243; tablet_text_alignment=&#8221;default&#8221; phone_text_alignment=&#8221;default&#8221; column_border_width=&#8221;none&#8221; column_border_style=&#8221;solid&#8221;][vc_column_text]\n<h4><span style=\"color: #022c66;\">SEUS DIREITOS<\/span><\/h4>\n[\/vc_column_text]<div class=\"divider-wrap\"><div style=\"margin-top: 0px; height: 1px; margin-bottom: 0px;\" data-width=\"100%\" data-animate=\"\" data-animation-delay=\"\" data-color=\"default\" class=\"divider-border\"><\/div><\/div>[\/vc_column][\/vc_row][vc_row type=&#8221;full_width_background&#8221; full_screen_row_position=&#8221;middle&#8221; equal_height=&#8221;yes&#8221; content_placement=&#8221;top&#8221; scene_position=&#8221;center&#8221; text_color=&#8221;dark&#8221; text_align=&#8221;left&#8221; top_padding=&#8221;20&#8243; bottom_padding=&#8221;20&#8243; overlay_strength=&#8221;0.3&#8243;][vc_column column_padding=&#8221;no-extra-padding&#8221; column_padding_position=&#8221;all&#8221; background_color_opacity=&#8221;1&#8243; background_hover_color_opacity=&#8221;1&#8243; column_shadow=&#8221;none&#8221; width=&#8221;1\/1&#8243; tablet_text_alignment=&#8221;default&#8221; phone_text_alignment=&#8221;default&#8221; column_border_width=&#8221;none&#8221; column_border_style=&#8221;solid&#8221;][vc_column_text]\n<h3><span style=\"color: #022c66;\">COMO CALCULAR SUAS F\u00c9RIAS<\/span><\/h3>\n<p>Para calcular suas f\u00e9rias proporcionais voc\u00ea deve seguir as instru\u00e7\u00f5es. Conforme a legisla\u00e7\u00e3o voc\u00ea tem direito \u00e0 2,5 dias de f\u00e9rias por m\u00eas, seguindo isso o c\u00e1lculo prossegue de seguinte forma:<\/p>\n<p>1\u00ba passo &#8211; conte quantos meses voc\u00ea est\u00e1 trabalhando na empresa e veja quantos dias acumulou. Exemplo: 10 meses de empresa = 25 dias de f\u00e9rias<\/p>\n<p>2\u00ba passo &#8211; para saber o valor de cada dia voc\u00ea deve pegar seu sal\u00e1rio base e dividir pela carga hor\u00e1ria mensal e multiplicar por 7,33 (horas por dia). Exemplo: R$ 1.000,00 \/ 220 = R$ 4,54 R$ 4,54 x 7,33 = R$ 33,27 (valor dia)<\/p>\n<p>3\u00ba passo &#8211; multiplique o valor do dia pela quantidade de dias. Exemplo: R$ 33,27 x 25 = R$ 831,95<\/p>\n<p>4\u00ba passo &#8211; sobre esse valor acrescente 33,33% ou 1\/3 do valor. Exemplo: R$ 831,95 + 33,33% = R$ 1.109,24 (total f\u00e9rias) ou R$ 831,95 \/ 3 = R$ 277,31 R$ 277,31 + R$ 831,95 = R$ 1.109,24 (total f\u00e9rias)<\/p>\n<p>Ps: sobre esses valores ser\u00e3o descontados o INSS correspondente[\/vc_column_text][\/vc_column][\/vc_row][vc_row type=&#8221;full_width_background&#8221; full_screen_row_position=&#8221;middle&#8221; equal_height=&#8221;yes&#8221; content_placement=&#8221;top&#8221; scene_position=&#8221;center&#8221; text_color=&#8221;dark&#8221; text_align=&#8221;left&#8221; top_padding=&#8221;20&#8243; bottom_padding=&#8221;20&#8243; overlay_strength=&#8221;0.3&#8243;][vc_column column_padding=&#8221;no-extra-padding&#8221; column_padding_position=&#8221;all&#8221; background_color_opacity=&#8221;1&#8243; background_hover_color_opacity=&#8221;1&#8243; column_shadow=&#8221;none&#8221; width=&#8221;1\/1&#8243; tablet_text_alignment=&#8221;default&#8221; phone_text_alignment=&#8221;default&#8221; column_border_width=&#8221;none&#8221; column_border_style=&#8221;solid&#8221;][vc_column_text]\n<h3><span style=\"color: #022c66;\">COMO CALCULAR SEU 13\u00ba SAL\u00c1RIO<\/span><\/h3>\n<p>Todos temos direito ao 13\u00ba sal\u00e1rio, para calcul\u00e1-lo siga as instru\u00e7\u00f5es abaixo:<\/p>\n<p>1\u00ba passo &#8211; pegue seu sal\u00e1rio base e divida por 12 (12 meses do ano)<\/p>\n<p>2\u00ba passo &#8211; multiplique o valor da divis\u00e3o pela quantidade de meses trabalhados. exemplo: R$ 1.000,00 \/ 12 = R$ 83,33 r$ 83,33 x 4 (meses trabalhados) = R$ 333,33<\/p>\n<p>Ps: sobre esse valor ser\u00e1 descontado INSS correspondente[\/vc_column_text][\/vc_column][\/vc_row]\n","protected":false},"excerpt":{"rendered":"<p>[vc_row type=&#8221;full_width_background&#8221; full_screen_row_position=&#8221;middle&#8221; equal_height=&#8221;yes&#8221; content_placement=&#8221;top&#8221; scene_position=&#8221;center&#8221; text_color=&#8221;dark&#8221; text_align=&#8221;left&#8221; top_padding=&#8221;20&#8243; bottom_padding=&#8221;30&#8243; overlay_strength=&#8221;0.3&#8243;][vc_column column_padding=&#8221;no-extra-padding&#8221; column_padding_position=&#8221;all&#8221; background_color_opacity=&#8221;1&#8243; background_hover_color_opacity=&#8221;1&#8243; column_shadow=&#8221;none&#8221; width=&#8221;1\/1&#8243; tablet_text_alignment=&#8221;default&#8221; phone_text_alignment=&#8221;default&#8221; column_border_width=&#8221;none&#8221; column_border_style=&#8221;solid&#8221;][vc_column_text] SEUS DIREITOS [\/vc_column_text][\/vc_column][\/vc_row][vc_row type=&#8221;full_width_background&#8221; full_screen_row_position=&#8221;middle&#8221; equal_height=&#8221;yes&#8221; content_placement=&#8221;top&#8221; scene_position=&#8221;center&#8221; text_color=&#8221;dark&#8221;&#8230;<\/p>\n","protected":false},"author":1,"featured_media":0,"parent":0,"menu_order":0,"comment_status":"closed","ping_status":"closed","template":"page-sidebar.php","meta":[],"_links":{"self":[{"href":"https:\/\/sindpd.com.br\/novo\/wp-json\/wp\/v2\/pages\/26"}],"collection":[{"href":"https:\/\/sindpd.com.br\/novo\/wp-json\/wp\/v2\/pages"}],"about":[{"href":"https:\/\/sindpd.com.br\/novo\/wp-json\/wp\/v2\/types\/page"}],"author":[{"embeddable":true,"href":"https:\/\/sindpd.com.br\/novo\/wp-json\/wp\/v2\/users\/1"}],"replies":[{"embeddable":true,"href":"https:\/\/sindpd.com.br\/novo\/wp-json\/wp\/v2\/comments?post=26"}],"version-history":[{"count":4,"href":"https:\/\/sindpd.com.br\/novo\/wp-json\/wp\/v2\/pages\/26\/revisions"}],"predecessor-version":[{"id":159,"href":"https:\/\/sindpd.com.br\/novo\/wp-json\/wp\/v2\/pages\/26\/revisions\/159"}],"wp:attachment":[{"href":"https:\/\/sindpd.com.br\/novo\/wp-json\/wp\/v2\/media?parent=26"}],"curies":[{"name":"wp","href":"https:\/\/api.w.org\/{rel}","templated":true}]}}