{"id":3,"date":"2020-10-08T11:14:38","date_gmt":"2020-10-08T14:14:38","guid":{"rendered":"http:\/\/sindpd.com.br\/site\/?page_id=3"},"modified":"2020-11-11T11:23:39","modified_gmt":"2020-11-11T14:23:39","slug":"politica-de-privacidade","status":"publish","type":"page","link":"https:\/\/sindpd.com.br\/novo\/politica-de-privacidade\/","title":{"rendered":"Pol\u00edtica de privacidade"},"content":{"rendered":"\r\n<h2>Pol\u00edtica de Privacidade<\/h2>\r\n\r\n\r\n\r\n<p>Este documento, denominado Pol\u00edtica de Privacidade, possui finalidade de estabelecer as regras sobre o uso, armazenamento e tratamento dos dados e informa\u00e7\u00f5es coletadas dos usu\u00e1rios no site\u00a0<a href=\"http:\/\/www.sindpd.com.br\">www.sindpd.com.br<\/a><\/p>\r\n<p>1.Defini\u00e7\u00f5es: para fins desta Pol\u00edtica de Privacidade, aplicam-se as seguintes defini\u00e7\u00f5es: designa o site <a href=\"http:\/\/www.sindpd.com.br\">www.sindpd.com.br<\/a> : SindPD Joinville e Regi\u00e3o, pessoa jur\u00eddica de direito privado, com sede \u00e0 Rua Chu\u00ed 151, Centro de Joinville, Santa Catarina \u2013 CNPJ 81.140.154\/0001-80. Cookies: arquivos enviados pelo servidor do site para o computador do Usu\u00e1rio, com a finalidade de identificar o computador e obter dados de acesso, como p\u00e1ginas navegadas ou links clicados, permitindo, desta forma, personalizar a utiliza\u00e7\u00e3o do site, de acordo com o seu perfil; IP: abreviatura de Internet Protocol. \u00c9 um conjunto de n\u00fameros que identifica o computador do Usu\u00e1rio na Internet; Logs: registros de atividades do Usu\u00e1rio efetuadas no site; Session ID: identifica\u00e7\u00e3o da sess\u00e3o do Usu\u00e1rio no processo de inscri\u00e7\u00e3o ou quando utilizado de alguma forma o site. Usu\u00e1rio: todo aquele que passar a usar o site.<\/p>\r\n<p>2. Obten\u00e7\u00e3o dos dados e informa\u00e7\u00f5es: os dados e informa\u00e7\u00f5es ser\u00e3o obtidos quando o Usu\u00e1rio: 1. Passar a utilizar o site; 2. Interagir com as diversas ferramentas existentes no site, fornecendo as informa\u00e7\u00f5es voluntariamente; ou 3. Entrar em contato atrav\u00e9s dos canais de comunica\u00e7\u00e3o dispon\u00edveis no site.<\/p>\r\n<p>3. Armazenamento dos Dados e Informa\u00e7\u00f5es: todos os dados e informa\u00e7\u00f5es coletados dos Usu\u00e1rios ser\u00e3o incorporados ao banco de dados do site, sendo seu respons\u00e1vel e propriet\u00e1rio o SindPD Joinville e Regi\u00e3o. Os dados e informa\u00e7\u00f5es coletados estar\u00e3o armazenados em ambiente seguro, observado o estado da t\u00e9cnica dispon\u00edvel, e somente poder\u00e3o ser acessados por pessoas qualificadas e autorizadas pelo SindPD Joinville e Regi\u00e3o. Al\u00e9m disso, o SindPD Joinville e Regi\u00e3o \u00a0afirma que n\u00e3o compartilhar\u00e1, vender\u00e1 ou apresentar\u00e1 os dados dos Usu\u00e1rios para terceiros,que n\u00e3o sejam seus parceiros. Considerando que nenhum sistema de seguran\u00e7a \u00e9 absolutamente seguro, o SindPD Joinville e Regi\u00e3o \u00a0se exime de quaisquer responsabilidades por eventuais danos e\/ou preju\u00edzos decorrentes de falhas, v\u00edrus ou invas\u00f5es do banco de dados do site, salvo nos casos de dolo ou culpa pela mesma. O Usu\u00e1rio \u00e9 o propriet\u00e1rio dos dados e est\u00e1 apto a adicionar, excluir ou modificar quaisquer informa\u00e7\u00f5es que estiverem ligadas ao seu perfil de usu\u00e1rio no SindPD Joinville e Regi\u00e3o, e por isso o Usu\u00e1rio declara estar ciente e concorda com a coleta, armazenamento, tratamento, processamento e uso das Informa\u00e7\u00f5es enviadas e\/ou transmitidas pelo Usu\u00e1rio nos termos estabelecidos nestes Termos de Uso e Pol\u00edtica de Privacidade.<\/p>\r\n<p>4. Uso dos Dados e Informa\u00e7\u00f5es: os dados e informa\u00e7\u00f5es coletados dos Usu\u00e1rios poder\u00e3o ser utilizados para as seguintes finalidades: 1. Efetuar qualquer comunica\u00e7\u00e3o resultante de atividade do pr\u00f3prio site ou a identifica\u00e7\u00e3o do respectivo destinat\u00e1rio; 2. Responder a eventuais d\u00favidas e solicita\u00e7\u00f5es do Usu\u00e1rio; 3. Fornecer acesso \u00e0 \u00e1rea restrita do site ou suas funcionalidades exclusivas; 4. Cumprimento de ordem legal ou judicial; 5. Constituir, defender ou exercer regularmente direitos em \u00e2mbito judicial ou administrativo; 6. Elaborar estat\u00edsticas gerais, para identifica\u00e7\u00e3o do perfil dos Usu\u00e1rios e desenvolvimento de campanhas do SindPD Joinville e Regi\u00e3o; 7. Garantir a seguran\u00e7a dos Usu\u00e1rios; 8. Manter atualizados os cadastros dos Usu\u00e1rios para fins de contato autorizado a ser feito por telefone, correio eletr\u00f4nico, SMS, mala-direta ou por outros meios de comunica\u00e7\u00e3o; 9. Informar a respeito de novidades, promo\u00e7\u00f5es e eventos do SindPD Joinville e Regi\u00e3o e seus parceiros comerciais.<\/p>\r\n<p>4.1. Sobre os e-mails: ser\u00e3o enviados e-mails regularmente com informa\u00e7\u00f5es e promo\u00e7\u00f5es para os clientes cadastrados. Os e-mails enviados pelo SindPD Joinville e Regi\u00e3o n\u00e3o cont\u00eam anexos para serem baixados e tampouco solicitam dados dos usu\u00e1rios.<\/p>\r\n<p>4.2. Caso o Usu\u00e1rio n\u00e3o queira mais receber e-mails do \u00a0SindPD Joinville e Regi\u00e3o, ele deve clicar no link para descadastramento presente em todos os e-mails enviados.<\/p>\r\n<p>5. Do Registro de Atividades: o SindPD Joinville e Regi\u00e3o poder\u00e1 registrar as atividades efetuadas pelo Usu\u00e1rio no site, por meio de logs, incluindo: 1. Endere\u00e7o IP do Usu\u00e1rio; 2. A\u00e7\u00f5es efetuadas pelo Usu\u00e1rio no site; 3. P\u00e1ginas acessadas pelo Usu\u00e1rio; 4. Datas e hor\u00e1rios de cada a\u00e7\u00e3o e de acesso a cada funcionalidade do site; 5. Session ID do Usu\u00e1rio, quando aplic\u00e1vel. Os registros mencionados poder\u00e3o ser utilizados pelo SindPD Joinville e Regi\u00e3o \u00a0em casos de investiga\u00e7\u00e3o de fraudes ou de altera\u00e7\u00f5es indevidas em seus sistemas e cadastros.<\/p>\r\n<p>6. Cookies: o site poder\u00e1 fazer o uso de cookies, cabendo ao Usu\u00e1rio configurar o seu navegador de Internet, caso deseje bloque\u00e1-los. Nesta hip\u00f3tese, algumas funcionalidades do site poder\u00e3o ser limitadas.<\/p>\r\n<p>7. Recomenda\u00e7\u00f5es: a partir do uso de um cookie que identifica a navega\u00e7\u00e3o do Usu\u00e1rio, o site faz a recomenda\u00e7\u00e3o de servi\u00e7os sindicais. Essa recomenda\u00e7\u00e3o varia conforme o Usu\u00e1rio e seu comportamento dentro do site, sendo avaliado, por exemplo, se houve apenas navega\u00e7\u00e3o ou tamb\u00e9m compra, quais itens foram vistos, pesquisados ou comprados por ele e outros Usu\u00e1rios em situa\u00e7\u00f5es de navega\u00e7\u00e3o semelhantes. Considerando que essa recomenda\u00e7\u00e3o \u00e9 gerada a partir de algoritmos, sua precis\u00e3o pode n\u00e3o ser exata, por\u00e9m visa sugerir servi\u00e7os que sejam do interesse do Usu\u00e1rio, sem que este tenha qualquer obrigatoriedade de adquiri-los.<\/p>\r\n<p>8. Disposi\u00e7\u00f5es Gerais: as disposi\u00e7\u00f5es constantes desta Pol\u00edtica de Privacidade poder\u00e3o ser atualizadas ou modificadas a qualquer momento, cabendo ao Usu\u00e1rio verific\u00e1-la sempre que efetuar o acesso ao site. O Usu\u00e1rio dever\u00e1 entrar em contato em caso de qualquer d\u00favida com rela\u00e7\u00e3o \u00e0s disposi\u00e7\u00f5es constantes desta Pol\u00edtica de Privacidade e Uso, elegendo um destes meios de contato: telefone 47 3028-1779 ou formul\u00e1rio de contato.<\/p>\r\n<p>9. Lei Aplic\u00e1vel e Jurisdi\u00e7\u00e3o: a presente Pol\u00edtica de Privacidade ser\u00e1 interpretada segundo a legisla\u00e7\u00e3o brasileira, no idioma portugu\u00eas, sendo eleito o Foro da Comarca de Joinville para dirimir qualquer lit\u00edgio, quest\u00e3o ou d\u00favida superveniente, com expressa ren\u00fancia de qualquer outro, por mais privilegiado que seja.<\/p>\r\n<p>10. Cadastro: para participar e usufruir do site, al\u00e9m de ter a idade m\u00ednima de 18 (dezoito) anos, o Cliente dever\u00e1 fornecer na ocasi\u00e3o do cadastro as seguintes informa\u00e7\u00f5es: nome completo, CPF, RG, endere\u00e7o completo, telefone fixo, data de nascimento, e-mail, al\u00e9m de escolher uma senha.<\/p>\r\n<p>Atualiza\u00e7\u00e3o: outubro de 2020<\/p>\r\n<p>SindPD Joinville e Regi\u00e3o<\/p>\r\n\r\n\r\n\r\n<h3>\u00a0<\/h3>\r\n","protected":false},"excerpt":{"rendered":"<p>Pol\u00edtica de Privacidade Este documento, denominado Pol\u00edtica de Privacidade, possui finalidade de estabelecer as regras sobre o uso, armazenamento e tratamento dos dados e informa\u00e7\u00f5es coletadas dos usu\u00e1rios no site\u00a0www.sindpd.com.br&#8230;<\/p>\n","protected":false},"author":1,"featured_media":0,"parent":0,"menu_order":0,"comment_status":"closed","ping_status":"open","template":"page-sidebar.php","meta":[],"_links":{"self":[{"href":"https:\/\/sindpd.com.br\/novo\/wp-json\/wp\/v2\/pages\/3"}],"collection":[{"href":"https:\/\/sindpd.com.br\/novo\/wp-json\/wp\/v2\/pages"}],"about":[{"href":"https:\/\/sindpd.com.br\/novo\/wp-json\/wp\/v2\/types\/page"}],"author":[{"embeddable":true,"href":"https:\/\/sindpd.com.br\/novo\/wp-json\/wp\/v2\/users\/1"}],"replies":[{"embeddable":true,"href":"https:\/\/sindpd.com.br\/novo\/wp-json\/wp\/v2\/comments?post=3"}],"version-history":[{"count":5,"href":"https:\/\/sindpd.com.br\/novo\/wp-json\/wp\/v2\/pages\/3\/revisions"}],"predecessor-version":[{"id":456,"href":"https:\/\/sindpd.com.br\/novo\/wp-json\/wp\/v2\/pages\/3\/revisions\/456"}],"wp:attachment":[{"href":"https:\/\/sindpd.com.br\/novo\/wp-json\/wp\/v2\/media?parent=3"}],"curies":[{"name":"wp","href":"https:\/\/api.w.org\/{rel}","templated":true}]}}