{"id":30,"date":"2020-10-13T20:12:19","date_gmt":"2020-10-13T23:12:19","guid":{"rendered":"https:\/\/sindpd.com.br\/site\/?page_id=30"},"modified":"2020-11-10T23:37:16","modified_gmt":"2020-11-11T02:37:16","slug":"rescisoes","status":"publish","type":"page","link":"https:\/\/sindpd.com.br\/novo\/rescisoes\/","title":{"rendered":"RESCIS\u00d5ES"},"content":{"rendered":"[vc_row type=&#8221;full_width_background&#8221; full_screen_row_position=&#8221;middle&#8221; equal_height=&#8221;yes&#8221; content_placement=&#8221;top&#8221; scene_position=&#8221;center&#8221; text_color=&#8221;dark&#8221; text_align=&#8221;left&#8221; top_padding=&#8221;20&#8243; bottom_padding=&#8221;30&#8243; overlay_strength=&#8221;0.3&#8243;][vc_column column_padding=&#8221;no-extra-padding&#8221; column_padding_position=&#8221;all&#8221; background_color_opacity=&#8221;1&#8243; background_hover_color_opacity=&#8221;1&#8243; column_shadow=&#8221;none&#8221; width=&#8221;1\/1&#8243; tablet_text_alignment=&#8221;default&#8221; phone_text_alignment=&#8221;default&#8221; column_border_width=&#8221;none&#8221; column_border_style=&#8221;solid&#8221;][vc_column_text]\n<h4><span style=\"color: #022c66;\">RESCIS\u00d5ES<\/span><\/h4>\n[\/vc_column_text]<div class=\"divider-wrap\"><div style=\"margin-top: 0px; height: 1px; margin-bottom: 0px;\" data-width=\"100%\" data-animate=\"\" data-animation-delay=\"\" data-color=\"default\" class=\"divider-border\"><\/div><\/div>[\/vc_column][\/vc_row][vc_row type=&#8221;full_width_background&#8221; full_screen_row_position=&#8221;middle&#8221; equal_height=&#8221;yes&#8221; content_placement=&#8221;top&#8221; scene_position=&#8221;center&#8221; text_color=&#8221;dark&#8221; text_align=&#8221;left&#8221; top_padding=&#8221;20&#8243; bottom_padding=&#8221;20&#8243; overlay_strength=&#8221;0.3&#8243;][vc_column column_padding=&#8221;no-extra-padding&#8221; column_padding_position=&#8221;all&#8221; background_color_opacity=&#8221;1&#8243; background_hover_color_opacity=&#8221;1&#8243; column_shadow=&#8221;none&#8221; width=&#8221;1\/1&#8243; tablet_text_alignment=&#8221;default&#8221; phone_text_alignment=&#8221;default&#8221; column_border_width=&#8221;none&#8221; column_border_style=&#8221;solid&#8221;][vc_column_text]\n<h3><span style=\"color: #022c66;\">Confira sua Rescis\u00e3o no SINDICATO &#8211;<br \/>\nAtendimento por profissional capacitado em c\u00e1lculos e leis trabalhistas<\/span><\/h3>\n<p>O ato da Homologa\u00e7\u00e3o da Rescis\u00e3o Contratual \u00e9 de suma import\u00e2ncia para empregados e empregadores, assegura que seus direitos e deveres foram cumpridos e que todos os valores pagos e\/ou descontados foram conferidos. Garante \u00e0s partes que as verbas rescis\u00f3rias foram quitadas integralmente.<\/p>\n<p>\u00c9 o momento em que se encerra definitivamente o v\u00ednculo contratual entre as partes, caracterizado pela presen\u00e7a e atua\u00e7\u00e3o sindical, dando autenticidade, transpar\u00eancia e credibilidade ao ato.<\/p>\n<p>Com a aprova\u00e7\u00e3o da Reforma Trabalhista, as categorias que n\u00e3o tiverem assegurada a obrigatoriedade da rescis\u00e3o contratual em Conven\u00e7\u00e3o Coletiva de Trabalho (somente estas), poder\u00e3o realizar as rescis\u00f5es contratuais na empresa ou outros locais.<\/p>\n<p>Conforme a reforma trabalhista prev\u00ea: \u201cOs acordos (C.C.T) prevalecem sobre o legislado, (Art. 611-A)\u201d. Portanto, em nossa Conven\u00e7\u00e3o Coletiva de Trabalho, Cl\u00e1usula \u2013 Homologa\u00e7\u00f5es de Rescis\u00f5es C.C.T Joinville e C.C.T. Regi\u00e3o Norte, exceto Joinville:<\/p>\n<p style=\"padding-left: 40px;\">&#8211; consta a obrigatoriedade de empregadores e empregados comparecerem para o ato rescis\u00f3rio dos empregados que, cumulativamente, contarem com mais de seis meses de admiss\u00e3o e forem associados ao Sindicato Laboral, sem qualquer custo.<br \/>\n&#8211; consta a op\u00e7\u00e3o tamb\u00e9m, de empregadores e empregados n\u00e3o associados, solicitarem o ato rescis\u00f3rio perante o Sindicato Laboral, sendo que somente haver\u00e1 cobran\u00e7a da taxa administrativa em caso de empregado n\u00e3o contribuinte e n\u00e3o associado ao Sindicato Laboral.<br \/>\nSalientamos que o ato de homologar a rescis\u00e3o de contrato se estende e \u00e9 de suma import\u00e2ncia tamb\u00e9m aos empregadores, pois dar\u00e1 fidedignidade e transpar\u00eancia ao encerramento contratual. Com rela\u00e7\u00e3o aos empregados, estes ter\u00e3o esclarecimento sobre o detalhamento das verbas recebidas e\/ou descontos efetuados.<\/p>\n<p>Nosso intuito \u00e9 garantir e manter a assist\u00eancia das homologa\u00e7\u00f5es tanto para empresas como para empregados. Se houver dificuldades para o pagamento da taxa, ficamos \u00e0 disposi\u00e7\u00e3o para eventual negocia\u00e7\u00e3o.<\/p>\n<p>A homologa\u00e7\u00e3o compreende:<\/p>\n<p style=\"padding-left: 40px;\">1. Calcular\/conferir as verbas rescis\u00f3rias pagas na rescis\u00e3o contratual, valores de FGTS e multa recolhidos se houver;<\/p>\n<p style=\"padding-left: 40px;\">2. Analisar cumprimento de Conven\u00e7\u00e3o Coletiva de Trabalho; reajustes salariais, aviso pr\u00e9vio, piso salarial, concess\u00e3o de benef\u00edcios;<\/p>\n<p style=\"padding-left: 40px;\">3. Orientar sobre o procedimento para o saque do FGTS e encaminhamento do seguro desemprego (se houver).<\/p>\n<p style=\"padding-left: 40px;\">4.Conferir\/Homologar a documenta\u00e7\u00e3o abaixo:<\/p>\n<p style=\"padding-left: 40px;\">&#8211; CTPS- Carteira de Trabalho atualizada e assinada;<\/p>\n<p style=\"padding-left: 40px;\">&#8211; Termo de Rescis\u00e3o do Contrato de Trabalho;<\/p>\n<p style=\"padding-left: 40px;\">&#8211; Comprovante de pagamento de verbas rescis\u00f3rias (copia);<\/p>\n<p style=\"padding-left: 40px;\">&#8211; Atestado M\u00e9dico Demissional atestando: atestado de sa\u00fade ocupacional \u2013 demissional;<\/p>\n<p style=\"padding-left: 40px;\">&#8211; PPP &#8211; Perfil Profissiogr\u00e1fico Previdenci\u00e1rio;<\/p>\n<p style=\"padding-left: 40px;\">&#8211; Comprovante do Recolhimento da multa de 50%, com total dos dep\u00f3sitos de FGTS atualizados feitos na conta vinculada do empregado;<\/p>\n<p style=\"padding-left: 40px;\">&#8211; Chave de identifica\u00e7\u00e3o de conectividade para a libera\u00e7\u00e3o do FGTS;<\/p>\n<p style=\"padding-left: 40px;\">&#8211; Carta de Preposto para o representante legal da empresa ou c \u00f3pia do contrato social em caso de s\u00f3cios;<\/p>\n<p style=\"padding-left: 40px;\">&#8211; Aviso pr\u00e9vio, assinado pelo empregador e pelo trabalhador;<\/p>\n<p style=\"padding-left: 40px;\">&#8211; Formul\u00e1rio para Requerimento do Seguro Desemprego;<\/p>\n<p style=\"padding-left: 40px;\">&#8211; Comprovantes de Descontos Efetuados (se houver);<\/p>\n<p style=\"padding-left: 40px;\">&#8211; Relat\u00f3rio do Banco de Horas contendo as ocorr\u00eancias ainda n\u00e3o saldadas com o funcion\u00e1rio(a);<\/p>\n<p style=\"padding-left: 40px;\">&#8211; Demonstrativo de m\u00e9dia de horas extras, b\u00f4nus, comiss\u00f5es, etc.<\/p>\n<p>Por fim, observamos que nas \u00faltimas homologa\u00e7\u00f5es de rescis\u00e3o de contrato detectamos, em 90% dos casos, diferen\u00e7as no pagamento das verbas rescis\u00f3rias. Atualmente, grande parte das reclama\u00e7\u00f5es trabalhistas decorrem de verbas rescis\u00f3rias pagas incorretamente. Por meio do SindPD, \u00e9 poss\u00edvel evitar demanda judicial, pois caso sejam constatadas diferen\u00e7as nas verbas rescis\u00f3rias, entra-se em contato com a empresa para o pagamento em rescis\u00e3o complementar.<\/p>\n<p>Ficamos \u00e0 disposi\u00e7\u00e3o.<br \/>\nA Diretoria.<\/p>\n<p class=\"entry-title\"><strong>Veja tamb\u00e9m:<\/strong> <a href=\"https:\/\/sindpd.com.br\/site\/rescisao-de-contrato-de-trabalho-sem-sindicato-fragiliza-empregado-aponta-debate\/\">Rescis\u00e3o de contrato de trabalho sem sindicato fragiliza empregado, aponta debate<\/a><\/p>\n[\/vc_column_text][\/vc_column][\/vc_row]\n","protected":false},"excerpt":{"rendered":"<p>[vc_row type=&#8221;full_width_background&#8221; full_screen_row_position=&#8221;middle&#8221; equal_height=&#8221;yes&#8221; content_placement=&#8221;top&#8221; scene_position=&#8221;center&#8221; text_color=&#8221;dark&#8221; text_align=&#8221;left&#8221; top_padding=&#8221;20&#8243; bottom_padding=&#8221;30&#8243; overlay_strength=&#8221;0.3&#8243;][vc_column column_padding=&#8221;no-extra-padding&#8221; column_padding_position=&#8221;all&#8221; background_color_opacity=&#8221;1&#8243; background_hover_color_opacity=&#8221;1&#8243; column_shadow=&#8221;none&#8221; width=&#8221;1\/1&#8243; tablet_text_alignment=&#8221;default&#8221; phone_text_alignment=&#8221;default&#8221; column_border_width=&#8221;none&#8221; column_border_style=&#8221;solid&#8221;][vc_column_text] RESCIS\u00d5ES [\/vc_column_text][\/vc_column][\/vc_row][vc_row type=&#8221;full_width_background&#8221; full_screen_row_position=&#8221;middle&#8221; equal_height=&#8221;yes&#8221; content_placement=&#8221;top&#8221; scene_position=&#8221;center&#8221; text_color=&#8221;dark&#8221; text_align=&#8221;left&#8221;&#8230;<\/p>\n","protected":false},"author":1,"featured_media":0,"parent":0,"menu_order":0,"comment_status":"closed","ping_status":"closed","template":"page-sidebar.php","meta":[],"_links":{"self":[{"href":"https:\/\/sindpd.com.br\/novo\/wp-json\/wp\/v2\/pages\/30"}],"collection":[{"href":"https:\/\/sindpd.com.br\/novo\/wp-json\/wp\/v2\/pages"}],"about":[{"href":"https:\/\/sindpd.com.br\/novo\/wp-json\/wp\/v2\/types\/page"}],"author":[{"embeddable":true,"href":"https:\/\/sindpd.com.br\/novo\/wp-json\/wp\/v2\/users\/1"}],"replies":[{"embeddable":true,"href":"https:\/\/sindpd.com.br\/novo\/wp-json\/wp\/v2\/comments?post=30"}],"version-history":[{"count":6,"href":"https:\/\/sindpd.com.br\/novo\/wp-json\/wp\/v2\/pages\/30\/revisions"}],"predecessor-version":[{"id":385,"href":"https:\/\/sindpd.com.br\/novo\/wp-json\/wp\/v2\/pages\/30\/revisions\/385"}],"wp:attachment":[{"href":"https:\/\/sindpd.com.br\/novo\/wp-json\/wp\/v2\/media?parent=30"}],"curies":[{"name":"wp","href":"https:\/\/api.w.org\/{rel}","templated":true}]}}