{"id":740,"date":"2023-07-27T19:20:31","date_gmt":"2023-07-27T22:20:31","guid":{"rendered":"https:\/\/sindpd.com.br\/novo\/?page_id=740"},"modified":"2023-08-02T11:13:36","modified_gmt":"2023-08-02T14:13:36","slug":"antissindicais","status":"publish","type":"page","link":"https:\/\/sindpd.com.br\/novo\/antissindicais\/","title":{"rendered":"ANTISSINDICAIS"},"content":{"rendered":"[vc_row type=&#8221;full_width_background&#8221; full_screen_row_position=&#8221;middle&#8221; equal_height=&#8221;yes&#8221; content_placement=&#8221;top&#8221; scene_position=&#8221;center&#8221; text_color=&#8221;dark&#8221; text_align=&#8221;left&#8221; top_padding=&#8221;20&#8243; bottom_padding=&#8221;30&#8243; overlay_strength=&#8221;0.3&#8243;][vc_column column_padding=&#8221;no-extra-padding&#8221; column_padding_position=&#8221;all&#8221; background_color_opacity=&#8221;1&#8243; background_hover_color_opacity=&#8221;1&#8243; column_shadow=&#8221;none&#8221; width=&#8221;1\/1&#8243; tablet_text_alignment=&#8221;default&#8221; phone_text_alignment=&#8221;default&#8221; column_border_width=&#8221;none&#8221; column_border_style=&#8221;solid&#8221;][vc_column_text]\n<h4><span style=\"color: #022c66;\">BASTA DE CONDUTAS ANTISSINDICAIS<\/span><\/h4>\n[\/vc_column_text]<div class=\"divider-wrap\"><div style=\"margin-top: 0px; height: 1px; margin-bottom: 0px;\" data-width=\"100%\" data-animate=\"\" data-animation-delay=\"\" data-color=\"default\" class=\"divider-border\"><\/div><\/div>[\/vc_column][\/vc_row][vc_row type=&#8221;full_width_background&#8221; full_screen_row_position=&#8221;middle&#8221; equal_height=&#8221;yes&#8221; content_placement=&#8221;top&#8221; scene_position=&#8221;center&#8221; text_color=&#8221;dark&#8221; text_align=&#8221;left&#8221; top_padding=&#8221;20&#8243; bottom_padding=&#8221;20&#8243; overlay_strength=&#8221;0.3&#8243;][vc_column column_padding=&#8221;no-extra-padding&#8221; column_padding_position=&#8221;all&#8221; background_color_opacity=&#8221;1&#8243; background_hover_color_opacity=&#8221;1&#8243; column_shadow=&#8221;none&#8221; width=&#8221;1\/1&#8243; tablet_text_alignment=&#8221;default&#8221; phone_text_alignment=&#8221;default&#8221; column_border_width=&#8221;none&#8221; column_border_style=&#8221;solid&#8221;][vc_column_text]As pr\u00e1ticas antissindicais s\u00e3o a\u00e7\u00f5es ou atos tomados por gestores de empresas p\u00fablicas e privadas que tenha por finalidade prejudicar, dificultar ou impedir as entidades sindicais, o direito de sindicaliza\u00e7\u00e3o e a negocia\u00e7\u00e3o coletiva.<\/p>\n<p>\u00c9 importante que o trabalhador fique atento e denuncie ao perceber que est\u00e1 tendo sua liberdade de reivindicar direitos diminu\u00edda.<\/p>\n<h3><strong>Confira aqui:<\/strong> <a href=\"https:\/\/sindpd.com.br\/novo\/wp-content\/uploads\/2023\/07\/ORIENTAC\u0327A\u0303O-N.13-MPT-CONTRIBUIC\u0327O\u0303ES-SINDICAIS-ATO-OU-CONDUTA-ANTISSINDICAL-DO-EMPREGADOR-OU-TERCEIRO-27.04.2021.pdf\">ORIENTA\u00c7\u00c3O N\u00ba 13 DA CONALIS \u2013 Minist\u00e9rio P\u00fablico do Trabalho<\/a><\/h3>\n<h3><\/h3>\n<p>&nbsp;<\/p>\n<h3><span style=\"color: #022c66;\">Fique atento aos tipos de pr\u00e1ticas Antissindicais contra o trabalhador<\/span><\/h3>\n<p>&#8211; Despedir ou discriminar trabalhadora ou trabalhador em raz\u00e3o de sua filia\u00e7\u00e3o ao sindicato, participa\u00e7\u00e3o em greve, assembleia, manifesta\u00e7\u00e3o ou o engajamento a qualquer atividade sindical;<br \/>\n&#8211; Transferir, deixar de promover ou prejudicar de qualquer forma trabalhadora ou trabalhador em retalia\u00e7\u00e3o pela sua atividade sindical.<\/p>\n<h3><span style=\"color: #022c66;\">Fique atento aos tipos de pr\u00e1ticas Antissindicais contra o Sindicato<\/span><\/h3>\n<p>\u2013 Dificultar ou at\u00e9 proibir a sindicaliza\u00e7\u00e3o;<br \/>\n&#8211; Estimular empregados para entregar carta de oposi\u00e7\u00e3o \u00e0 contribui\u00e7\u00e3o do Sindicato;<br \/>\n\u2013 Entregar modelo de carta de oposi\u00e7\u00e3o, pronta aos empregados, para somente preencherem o nome;<br \/>\n\u2013 Representante da empresa entregar no Sindicato as manifesta\u00e7\u00f5es de oposi\u00e7\u00e3o dos empregados;<br \/>\n&#8211; Empresa que comunica aos empregados que n\u00e3o precisam se opor a contribui\u00e7\u00e3o do Sindicato, pois a empresa n\u00e3o far\u00e1 qualquer desconto.<\/p>\n<h3><span style=\"color: #022c66;\">DENUNCIE<\/span><\/h3>\n<p>Caso voc\u00ea perceba alguma atitude antissindical, poder\u00e1 denunciar, de forma an\u00f4nima ao MPT.<\/p>\n<p>Tais condutas, podem gerar danos pass\u00edveis de repara\u00e7\u00e3o individual e\/ou coletiva.<\/p>\n<p>&nbsp;<\/p>\n<p><strong>Item 9 da Clausula 40\u00aa \u2013 CONTRIBUI\u00c7\u00c3O ASSISTENCIAL PARA FORTALECIMENTO SINDICAL \u2013 da Conven\u00e7\u00e3o de Joinville<\/strong><\/p>\n<ul>\n<li><em> 9\u00ba &#8211; Fica expressamente proibida \u00e0 Empresa empregadora a realiza\u00e7\u00e3o de quaisquer manifesta\u00e7\u00f5es, atos, campanhas ou condutas no sentido de incentivar ou instigar os seus empregados a se oporem a contribui\u00e7\u00e3o ao Sindicato Laboral. <\/em><\/li>\n<\/ul>\n[\/vc_column_text][\/vc_column][\/vc_row]\n","protected":false},"excerpt":{"rendered":"<p>[vc_row type=&#8221;full_width_background&#8221; full_screen_row_position=&#8221;middle&#8221; equal_height=&#8221;yes&#8221; content_placement=&#8221;top&#8221; scene_position=&#8221;center&#8221; text_color=&#8221;dark&#8221; text_align=&#8221;left&#8221; top_padding=&#8221;20&#8243; bottom_padding=&#8221;30&#8243; overlay_strength=&#8221;0.3&#8243;][vc_column column_padding=&#8221;no-extra-padding&#8221; column_padding_position=&#8221;all&#8221; background_color_opacity=&#8221;1&#8243; background_hover_color_opacity=&#8221;1&#8243; column_shadow=&#8221;none&#8221; width=&#8221;1\/1&#8243; tablet_text_alignment=&#8221;default&#8221; phone_text_alignment=&#8221;default&#8221; column_border_width=&#8221;none&#8221; column_border_style=&#8221;solid&#8221;][vc_column_text] BASTA DE CONDUTAS ANTISSINDICAIS [\/vc_column_text][\/vc_column][\/vc_row][vc_row type=&#8221;full_width_background&#8221; full_screen_row_position=&#8221;middle&#8221; equal_height=&#8221;yes&#8221; content_placement=&#8221;top&#8221;&#8230;<\/p>\n","protected":false},"author":1,"featured_media":0,"parent":0,"menu_order":0,"comment_status":"closed","ping_status":"closed","template":"page-sidebar.php","meta":[],"_links":{"self":[{"href":"https:\/\/sindpd.com.br\/novo\/wp-json\/wp\/v2\/pages\/740"}],"collection":[{"href":"https:\/\/sindpd.com.br\/novo\/wp-json\/wp\/v2\/pages"}],"about":[{"href":"https:\/\/sindpd.com.br\/novo\/wp-json\/wp\/v2\/types\/page"}],"author":[{"embeddable":true,"href":"https:\/\/sindpd.com.br\/novo\/wp-json\/wp\/v2\/users\/1"}],"replies":[{"embeddable":true,"href":"https:\/\/sindpd.com.br\/novo\/wp-json\/wp\/v2\/comments?post=740"}],"version-history":[{"count":12,"href":"https:\/\/sindpd.com.br\/novo\/wp-json\/wp\/v2\/pages\/740\/revisions"}],"predecessor-version":[{"id":756,"href":"https:\/\/sindpd.com.br\/novo\/wp-json\/wp\/v2\/pages\/740\/revisions\/756"}],"wp:attachment":[{"href":"https:\/\/sindpd.com.br\/novo\/wp-json\/wp\/v2\/media?parent=740"}],"curies":[{"name":"wp","href":"https:\/\/api.w.org\/{rel}","templated":true}]}}