{"id":760,"date":"2023-08-09T17:02:16","date_gmt":"2023-08-09T20:02:16","guid":{"rendered":"https:\/\/sindpd.com.br\/novo\/?page_id=760"},"modified":"2023-08-16T14:37:46","modified_gmt":"2023-08-16T17:37:46","slug":"seus-direitos-estabilidade-pre-aposentadoria","status":"publish","type":"page","link":"https:\/\/sindpd.com.br\/novo\/seus-direitos-estabilidade-pre-aposentadoria\/","title":{"rendered":"SEUS DIREITOS &#8211; Estabilidade Pr\u00e9-Aposentadoria"},"content":{"rendered":"[vc_row type=&#8221;full_width_background&#8221; full_screen_row_position=&#8221;middle&#8221; equal_height=&#8221;yes&#8221; content_placement=&#8221;top&#8221; scene_position=&#8221;center&#8221; text_color=&#8221;dark&#8221; text_align=&#8221;left&#8221; top_padding=&#8221;20&#8243; bottom_padding=&#8221;30&#8243; overlay_strength=&#8221;0.3&#8243;][vc_column column_padding=&#8221;no-extra-padding&#8221; column_padding_position=&#8221;all&#8221; background_color_opacity=&#8221;1&#8243; background_hover_color_opacity=&#8221;1&#8243; column_shadow=&#8221;none&#8221; width=&#8221;1\/1&#8243; tablet_text_alignment=&#8221;default&#8221; phone_text_alignment=&#8221;default&#8221; column_border_width=&#8221;none&#8221; column_border_style=&#8221;solid&#8221;][vc_column_text]\n<h4><span style=\"color: #022c66;\">SEUS DIREITOS<\/span><\/h4>\n[\/vc_column_text]<div class=\"divider-wrap\"><div style=\"margin-top: 0px; height: 1px; margin-bottom: 0px;\" data-width=\"100%\" data-animate=\"\" data-animation-delay=\"\" data-color=\"default\" class=\"divider-border\"><\/div><\/div>[\/vc_column][\/vc_row][vc_row type=&#8221;full_width_background&#8221; full_screen_row_position=&#8221;middle&#8221; equal_height=&#8221;yes&#8221; content_placement=&#8221;top&#8221; scene_position=&#8221;center&#8221; text_color=&#8221;dark&#8221; text_align=&#8221;left&#8221; top_padding=&#8221;20&#8243; bottom_padding=&#8221;20&#8243; overlay_strength=&#8221;0.3&#8243;][vc_column column_padding=&#8221;no-extra-padding&#8221; column_padding_position=&#8221;all&#8221; background_color_opacity=&#8221;1&#8243; background_hover_color_opacity=&#8221;1&#8243; column_shadow=&#8221;none&#8221; width=&#8221;1\/1&#8243; tablet_text_alignment=&#8221;default&#8221; phone_text_alignment=&#8221;default&#8221; column_border_width=&#8221;none&#8221; column_border_style=&#8221;solid&#8221;][vc_column_text]\n<h3><span style=\"color: #022c66;\">Estabilidade Pr\u00e9-Aposentadoria<\/span><\/h3>\n<p>Empregados com 5 anos ou mais de trabalho na empresa possuem <strong><u>estabilidade nos 12 meses que antecedem a aposentadoria<\/u><\/strong>.<\/p>\n<p>&nbsp;<\/p>\n<ul>\n<li><strong><u>Aten\u00e7\u00e3o ao Procedimento\u00a0para garantir o direito da estabilidade por 12 meses:<\/u><\/strong><\/li>\n<\/ul>\n<p>&#8211; Dever\u00e1 COMUNICAR a empresa, POR ESCRITO, que se encontra no per\u00edodo de estabilidade, e tamb\u00e9m INFORMAR a data em que estar\u00e1 apto ao requerimento da aposentadoria.<\/p>\n<p>&#8211; A estabilidade pode ser <strong>estendida por mais 6 MESES a partir da data de aquisi\u00e7\u00e3o ao direito \u00e0 aposentadoria<\/strong>, desde que o empregado comprove, nos 15 dias subsequentes, ter requerido o benef\u00edcio junto ao INSS.<\/p>\n<p><strong>GARANTA seus benef\u00edcios!<\/strong><\/p>\n<p><a href=\"https:\/\/sindpd.com.br\/novo\/wp-content\/uploads\/2023\/08\/ESTABILIDADE-PRE-APOSENTADORIA.pdf\"><strong>*Clique para ler a Clausula na integra<\/strong><\/a><\/p>\n<p><strong>*Exclusivo para Conven\u00e7\u00e3o de Joinville<\/strong> <a href=\"https:\/\/sindpd.com.br\/novo\/wp-content\/uploads\/2022\/11\/CCT-JOINVILLE_MTE_2022-2023.pdf\"><strong>CONVEN\u00c7\u00c3O NA INTEGRA<\/strong><\/a>[\/vc_column_text][\/vc_column][\/vc_row]\n","protected":false},"excerpt":{"rendered":"<p>[vc_row type=&#8221;full_width_background&#8221; full_screen_row_position=&#8221;middle&#8221; equal_height=&#8221;yes&#8221; content_placement=&#8221;top&#8221; scene_position=&#8221;center&#8221; text_color=&#8221;dark&#8221; text_align=&#8221;left&#8221; top_padding=&#8221;20&#8243; bottom_padding=&#8221;30&#8243; overlay_strength=&#8221;0.3&#8243;][vc_column column_padding=&#8221;no-extra-padding&#8221; column_padding_position=&#8221;all&#8221; background_color_opacity=&#8221;1&#8243; background_hover_color_opacity=&#8221;1&#8243; column_shadow=&#8221;none&#8221; width=&#8221;1\/1&#8243; tablet_text_alignment=&#8221;default&#8221; phone_text_alignment=&#8221;default&#8221; column_border_width=&#8221;none&#8221; column_border_style=&#8221;solid&#8221;][vc_column_text] SEUS DIREITOS [\/vc_column_text][\/vc_column][\/vc_row][vc_row type=&#8221;full_width_background&#8221; full_screen_row_position=&#8221;middle&#8221; equal_height=&#8221;yes&#8221; content_placement=&#8221;top&#8221; scene_position=&#8221;center&#8221; text_color=&#8221;dark&#8221;&#8230;<\/p>\n","protected":false},"author":1,"featured_media":0,"parent":0,"menu_order":0,"comment_status":"closed","ping_status":"closed","template":"page-sidebar.php","meta":[],"_links":{"self":[{"href":"https:\/\/sindpd.com.br\/novo\/wp-json\/wp\/v2\/pages\/760"}],"collection":[{"href":"https:\/\/sindpd.com.br\/novo\/wp-json\/wp\/v2\/pages"}],"about":[{"href":"https:\/\/sindpd.com.br\/novo\/wp-json\/wp\/v2\/types\/page"}],"author":[{"embeddable":true,"href":"https:\/\/sindpd.com.br\/novo\/wp-json\/wp\/v2\/users\/1"}],"replies":[{"embeddable":true,"href":"https:\/\/sindpd.com.br\/novo\/wp-json\/wp\/v2\/comments?post=760"}],"version-history":[{"count":7,"href":"https:\/\/sindpd.com.br\/novo\/wp-json\/wp\/v2\/pages\/760\/revisions"}],"predecessor-version":[{"id":762,"href":"https:\/\/sindpd.com.br\/novo\/wp-json\/wp\/v2\/pages\/760\/revisions\/762"}],"wp:attachment":[{"href":"https:\/\/sindpd.com.br\/novo\/wp-json\/wp\/v2\/media?parent=760"}],"curies":[{"name":"wp","href":"https:\/\/api.w.org\/{rel}","templated":true}]}}