{"id":764,"date":"2023-08-09T17:07:07","date_gmt":"2023-08-09T20:07:07","guid":{"rendered":"https:\/\/sindpd.com.br\/novo\/?page_id=764"},"modified":"2023-08-16T14:35:26","modified_gmt":"2023-08-16T17:35:26","slug":"seus-direitos-assistencia-medica-laboratorial","status":"publish","type":"page","link":"https:\/\/sindpd.com.br\/novo\/seus-direitos-assistencia-medica-laboratorial\/","title":{"rendered":"SEUS DIREITOS &#8211; Assist\u00eancia M\u00e9dica-Laboratorial"},"content":{"rendered":"[vc_row type=&#8221;full_width_background&#8221; full_screen_row_position=&#8221;middle&#8221; equal_height=&#8221;yes&#8221; content_placement=&#8221;top&#8221; scene_position=&#8221;center&#8221; text_color=&#8221;dark&#8221; text_align=&#8221;left&#8221; top_padding=&#8221;20&#8243; bottom_padding=&#8221;30&#8243; overlay_strength=&#8221;0.3&#8243;][vc_column column_padding=&#8221;no-extra-padding&#8221; column_padding_position=&#8221;all&#8221; background_color_opacity=&#8221;1&#8243; background_hover_color_opacity=&#8221;1&#8243; column_shadow=&#8221;none&#8221; width=&#8221;1\/1&#8243; tablet_text_alignment=&#8221;default&#8221; phone_text_alignment=&#8221;default&#8221; column_border_width=&#8221;none&#8221; column_border_style=&#8221;solid&#8221;][vc_column_text]\n<h4><span style=\"color: #022c66;\">SEUS DIREITOS<\/span><\/h4>\n[\/vc_column_text]<div class=\"divider-wrap\"><div style=\"margin-top: 0px; height: 1px; margin-bottom: 0px;\" data-width=\"100%\" data-animate=\"\" data-animation-delay=\"\" data-color=\"default\" class=\"divider-border\"><\/div><\/div>[\/vc_column][\/vc_row][vc_row type=&#8221;full_width_background&#8221; full_screen_row_position=&#8221;middle&#8221; equal_height=&#8221;yes&#8221; content_placement=&#8221;top&#8221; scene_position=&#8221;center&#8221; text_color=&#8221;dark&#8221; text_align=&#8221;left&#8221; top_padding=&#8221;20&#8243; bottom_padding=&#8221;20&#8243; overlay_strength=&#8221;0.3&#8243;][vc_column column_padding=&#8221;no-extra-padding&#8221; column_padding_position=&#8221;all&#8221; background_color_opacity=&#8221;1&#8243; background_hover_color_opacity=&#8221;1&#8243; column_shadow=&#8221;none&#8221; width=&#8221;1\/1&#8243; tablet_text_alignment=&#8221;default&#8221; phone_text_alignment=&#8221;default&#8221; column_border_width=&#8221;none&#8221; column_border_style=&#8221;solid&#8221;][vc_column_text]\n<h3><span style=\"color: #022c66;\">Assist\u00eancia M\u00e9dica-Laboratorial<\/span><\/h3>\n<p>Voc\u00ea sabia que tem direito ao plano de sa\u00fade ou ao aux\u00edlio sa\u00fade, assegurado em Conven\u00e7\u00e3o Coletiva de Trabalho?<\/p>\n<p>O plano de sa\u00fade pode ser disponibilizado em duas modalidades pela empresa:<\/p>\n<ul>\n<li>A mensalidade ser\u00e1 paga integralmente pela empresa e o empregado se responsabilizar\u00e1 integralmente pela coparticipa\u00e7\u00e3o, que dever\u00e1 ser limitada \u00e0 30%;<\/li>\n<li>A empresa paga 50% da mensalidade e da coparticipa\u00e7\u00e3o e o restante ser\u00e1 custeado pelo empregado.<\/li>\n<\/ul>\n<p>Empresas que n\u00e3o oferecem o plano de sa\u00fade aos seus empregados devem,\u00a0<strong>OBRIGATORIAMENTE<\/strong>, pagar o aux\u00edlio sa\u00fade.[\/vc_column_text]<div class=\"divider-wrap\"><div style=\"height: 30px;\" class=\"divider\"><\/div><\/div>[vc_column_text]\n<h3><span style=\"color: #022c66;\">Veja as regras completas<\/span><\/h3>\n<p><em><strong>1)Empresas optantes pelo SIMPLES nacional ou que comprovarem faturamento do exerc\u00edcio de 2022<\/strong> (Janeiro a Dezembro) at\u00e9 o valor limite previsto no item II do art. 3\u00ba da Lei Complementar 123\/2006. <\/em><\/p>\n<p><em>1.a) Pagamento, mediante cr\u00e9dito em folha salarial, de verba denominada \u201cAux\u00edlio Sa\u00fade\u201d, em valor determinado pela faixa et\u00e1ria do empregado (a) conforme a tabela constante do Anexo I da presente conven\u00e7\u00e3o. <\/em><\/p>\n<p><em>1.b) A empresa contratar\u00e1 plano de sa\u00fade coletivo empresarial, onde custear\u00e1 a mensalidade integralmente e o empregado se responsabilizar\u00e1 integralmente pela coparticipa\u00e7\u00e3o, que dever\u00e1 ser limitada \u00e0 30% (trinta por cento). <\/em><\/p>\n<p><em>1.c) A empresa contratar\u00e1 plano de sa\u00fade coletivo empresarial, onde custear\u00e1 50% (cinquenta por cento) da mensalidade e da coparticipa\u00e7\u00e3o de um plano de sa\u00fade (Assist\u00eancia M\u00e9dica\/Laboratorial), sendo o restante custeado pelo pr\u00f3prio empregado; <\/em><\/p>\n<p><strong><em>2) Demais empresas (n\u00e3o optantes do SIMPLES nacional):<\/em><\/strong><\/p>\n<p><em>2.a) Pagamento, mediante cr\u00e9dito em folha salarial, de verba denominada \u201cAux\u00edlio Sa\u00fade\u201d, em valor determinado pela faixa et\u00e1ria do empregado (a) conforme a tabela constante do Anexo I da presente conven\u00e7\u00e3o; <\/em><\/p>\n<p><em>2.b) A empresa contratar\u00e1 plano de sa\u00fade coletivo empresarial, onde custear\u00e1 a mensalidade integralmente e o empregado se responsabilizar\u00e1 integralmente pela coparticipa\u00e7\u00e3o, que dever\u00e1 ser limitada a 30% (trinta por cento).<\/em><\/p>\n<p>&nbsp;<\/p>\n<p><a href=\"https:\/\/sindpd.com.br\/novo\/wp-content\/uploads\/2023\/08\/ASSISTENCIA-MEDICA-LABORATORIAL.pdf\"><strong>*Clique para ler a Clausula na integra<\/strong><\/a><\/p>\n<p><strong>*Exclusivo para Conven\u00e7\u00e3o de Joinville<\/strong> <a href=\"https:\/\/sindpd.com.br\/novo\/wp-content\/uploads\/2022\/11\/CCT-JOINVILLE_MTE_2022-2023.pdf\"><strong>CONVEN\u00c7\u00c3O NA INTEGRA<\/strong> <\/a>[\/vc_column_text][\/vc_column][\/vc_row]\n","protected":false},"excerpt":{"rendered":"<p>[vc_row type=&#8221;full_width_background&#8221; full_screen_row_position=&#8221;middle&#8221; equal_height=&#8221;yes&#8221; content_placement=&#8221;top&#8221; scene_position=&#8221;center&#8221; text_color=&#8221;dark&#8221; text_align=&#8221;left&#8221; top_padding=&#8221;20&#8243; bottom_padding=&#8221;30&#8243; overlay_strength=&#8221;0.3&#8243;][vc_column column_padding=&#8221;no-extra-padding&#8221; column_padding_position=&#8221;all&#8221; background_color_opacity=&#8221;1&#8243; background_hover_color_opacity=&#8221;1&#8243; column_shadow=&#8221;none&#8221; width=&#8221;1\/1&#8243; tablet_text_alignment=&#8221;default&#8221; phone_text_alignment=&#8221;default&#8221; column_border_width=&#8221;none&#8221; column_border_style=&#8221;solid&#8221;][vc_column_text] SEUS DIREITOS [\/vc_column_text][\/vc_column][\/vc_row][vc_row type=&#8221;full_width_background&#8221; full_screen_row_position=&#8221;middle&#8221; equal_height=&#8221;yes&#8221; content_placement=&#8221;top&#8221; scene_position=&#8221;center&#8221; text_color=&#8221;dark&#8221;&#8230;<\/p>\n","protected":false},"author":1,"featured_media":0,"parent":0,"menu_order":0,"comment_status":"closed","ping_status":"closed","template":"page-sidebar.php","meta":[],"_links":{"self":[{"href":"https:\/\/sindpd.com.br\/novo\/wp-json\/wp\/v2\/pages\/764"}],"collection":[{"href":"https:\/\/sindpd.com.br\/novo\/wp-json\/wp\/v2\/pages"}],"about":[{"href":"https:\/\/sindpd.com.br\/novo\/wp-json\/wp\/v2\/types\/page"}],"author":[{"embeddable":true,"href":"https:\/\/sindpd.com.br\/novo\/wp-json\/wp\/v2\/users\/1"}],"replies":[{"embeddable":true,"href":"https:\/\/sindpd.com.br\/novo\/wp-json\/wp\/v2\/comments?post=764"}],"version-history":[{"count":9,"href":"https:\/\/sindpd.com.br\/novo\/wp-json\/wp\/v2\/pages\/764\/revisions"}],"predecessor-version":[{"id":807,"href":"https:\/\/sindpd.com.br\/novo\/wp-json\/wp\/v2\/pages\/764\/revisions\/807"}],"wp:attachment":[{"href":"https:\/\/sindpd.com.br\/novo\/wp-json\/wp\/v2\/media?parent=764"}],"curies":[{"name":"wp","href":"https:\/\/api.w.org\/{rel}","templated":true}]}}