{"id":766,"date":"2023-08-09T17:08:48","date_gmt":"2023-08-09T20:08:48","guid":{"rendered":"https:\/\/sindpd.com.br\/novo\/?page_id=766"},"modified":"2025-02-27T09:18:34","modified_gmt":"2025-02-27T12:18:34","slug":"seus-direitos-auxilio-creche","status":"publish","type":"page","link":"https:\/\/sindpd.com.br\/novo\/seus-direitos-auxilio-creche\/","title":{"rendered":"SEUS DIREITOS &#8211; Auxilio Creche"},"content":{"rendered":"[vc_row type=&#8221;full_width_background&#8221; full_screen_row_position=&#8221;middle&#8221; equal_height=&#8221;yes&#8221; content_placement=&#8221;top&#8221; scene_position=&#8221;center&#8221; text_color=&#8221;dark&#8221; text_align=&#8221;left&#8221; top_padding=&#8221;20&#8243; bottom_padding=&#8221;30&#8243; overlay_strength=&#8221;0.3&#8243;][vc_column column_padding=&#8221;no-extra-padding&#8221; column_padding_position=&#8221;all&#8221; background_color_opacity=&#8221;1&#8243; background_hover_color_opacity=&#8221;1&#8243; column_shadow=&#8221;none&#8221; width=&#8221;1\/1&#8243; tablet_text_alignment=&#8221;default&#8221; phone_text_alignment=&#8221;default&#8221; column_border_width=&#8221;none&#8221; column_border_style=&#8221;solid&#8221;][vc_column_text]\n<h4><span style=\"color: #022c66;\">SEUS DIREITOS<\/span><\/h4>\n[\/vc_column_text]<div class=\"divider-wrap\"><div style=\"margin-top: 0px; height: 1px; margin-bottom: 0px;\" data-width=\"100%\" data-animate=\"\" data-animation-delay=\"\" data-color=\"default\" class=\"divider-border\"><\/div><\/div>[\/vc_column][\/vc_row][vc_row type=&#8221;full_width_background&#8221; full_screen_row_position=&#8221;middle&#8221; equal_height=&#8221;yes&#8221; content_placement=&#8221;top&#8221; scene_position=&#8221;center&#8221; text_color=&#8221;dark&#8221; text_align=&#8221;left&#8221; top_padding=&#8221;20&#8243; bottom_padding=&#8221;20&#8243; overlay_strength=&#8221;0.3&#8243;][vc_column column_padding=&#8221;no-extra-padding&#8221; column_padding_position=&#8221;all&#8221; background_color_opacity=&#8221;1&#8243; background_hover_color_opacity=&#8221;1&#8243; column_shadow=&#8221;none&#8221; width=&#8221;1\/1&#8243; tablet_text_alignment=&#8221;default&#8221; phone_text_alignment=&#8221;default&#8221; column_border_width=&#8221;none&#8221; column_border_style=&#8221;solid&#8221;][vc_column_text]\n<h3><span style=\"color: #022c66;\">Auxilio Creche<\/span><\/h3>\n<p><strong>Quem tem direito a receber o benef\u00edcio?<\/strong><\/p>\n<p>\u2013 As empregadas associadas ao SindPD no m\u00ednimo um m\u00eas antes do in\u00edcio da gesta\u00e7\u00e3o;<\/p>\n<p>\u2013 Empregados(as) em relacionamentos homoafetivos\/adotantes com pelo menos 10 meses de filia\u00e7\u00e3o;<\/p>\n<p><strong>Quanto tempo dura o benef\u00edcio?<\/strong><\/p>\n<p>\u2013 Por 12 meses a partir do retorno para empresa ap\u00f3s a licen\u00e7a maternidade;<\/p>\n<p>\u2013 Empregadas admitidas j\u00e1 com filho(a), vale o benef\u00edcio at\u00e9 que a crian\u00e7a complete 1 ano, desde que realizem a filia\u00e7\u00e3o no ato da admiss\u00e3o.<\/p>\n<p><strong>IMPORTANTE:<br \/>\n<\/strong>Em caso de demiss\u00e3o sem justa causa antes do t\u00e9rmino do aux\u00edlio (12 meses), as parcelas restantes dever\u00e3o ser pagas na rescis\u00e3o contratual.<\/p>\n<p><a href=\"https:\/\/sindpd.com.br\/novo\/wp-content\/uploads\/2023\/08\/AUXILIO-CRECHE-.pdf\"><strong>*Clique para ler a Clausula na integra<\/strong><\/a><\/p>\n<p><strong>*Exclusivo para Conven\u00e7\u00e3o de Joinville<\/strong> <a href=\"https:\/\/sindpd.com.br\/novo\/wp-content\/uploads\/2022\/11\/CCT-JOINVILLE_MTE_2022-2023.pdf\"><strong>CONVEN\u00c7\u00c3O NA INTEGRA<\/strong><\/a>[\/vc_column_text][\/vc_column][\/vc_row]\n","protected":false},"excerpt":{"rendered":"<p>[vc_row type=&#8221;full_width_background&#8221; full_screen_row_position=&#8221;middle&#8221; equal_height=&#8221;yes&#8221; content_placement=&#8221;top&#8221; scene_position=&#8221;center&#8221; text_color=&#8221;dark&#8221; text_align=&#8221;left&#8221; top_padding=&#8221;20&#8243; bottom_padding=&#8221;30&#8243; overlay_strength=&#8221;0.3&#8243;][vc_column column_padding=&#8221;no-extra-padding&#8221; column_padding_position=&#8221;all&#8221; background_color_opacity=&#8221;1&#8243; background_hover_color_opacity=&#8221;1&#8243; column_shadow=&#8221;none&#8221; width=&#8221;1\/1&#8243; tablet_text_alignment=&#8221;default&#8221; phone_text_alignment=&#8221;default&#8221; column_border_width=&#8221;none&#8221; column_border_style=&#8221;solid&#8221;][vc_column_text] SEUS DIREITOS [\/vc_column_text][\/vc_column][\/vc_row][vc_row type=&#8221;full_width_background&#8221; full_screen_row_position=&#8221;middle&#8221; equal_height=&#8221;yes&#8221; content_placement=&#8221;top&#8221; scene_position=&#8221;center&#8221; text_color=&#8221;dark&#8221;&#8230;<\/p>\n","protected":false},"author":1,"featured_media":0,"parent":0,"menu_order":0,"comment_status":"closed","ping_status":"closed","template":"page-sidebar.php","meta":[],"_links":{"self":[{"href":"https:\/\/sindpd.com.br\/novo\/wp-json\/wp\/v2\/pages\/766"}],"collection":[{"href":"https:\/\/sindpd.com.br\/novo\/wp-json\/wp\/v2\/pages"}],"about":[{"href":"https:\/\/sindpd.com.br\/novo\/wp-json\/wp\/v2\/types\/page"}],"author":[{"embeddable":true,"href":"https:\/\/sindpd.com.br\/novo\/wp-json\/wp\/v2\/users\/1"}],"replies":[{"embeddable":true,"href":"https:\/\/sindpd.com.br\/novo\/wp-json\/wp\/v2\/comments?post=766"}],"version-history":[{"count":6,"href":"https:\/\/sindpd.com.br\/novo\/wp-json\/wp\/v2\/pages\/766\/revisions"}],"predecessor-version":[{"id":939,"href":"https:\/\/sindpd.com.br\/novo\/wp-json\/wp\/v2\/pages\/766\/revisions\/939"}],"wp:attachment":[{"href":"https:\/\/sindpd.com.br\/novo\/wp-json\/wp\/v2\/media?parent=766"}],"curies":[{"name":"wp","href":"https:\/\/api.w.org\/{rel}","templated":true}]}}