{"id":786,"date":"2023-08-11T16:31:23","date_gmt":"2023-08-11T19:31:23","guid":{"rendered":"https:\/\/sindpd.com.br\/novo\/?page_id=786"},"modified":"2023-08-16T17:05:51","modified_gmt":"2023-08-16T20:05:51","slug":"seus-direitos-aviso-previo","status":"publish","type":"page","link":"https:\/\/sindpd.com.br\/novo\/seus-direitos-aviso-previo\/","title":{"rendered":"SEUS DIREITOS &#8211; Aviso Pr\u00e9vio"},"content":{"rendered":"[vc_row type=&#8221;full_width_background&#8221; full_screen_row_position=&#8221;middle&#8221; equal_height=&#8221;yes&#8221; content_placement=&#8221;top&#8221; scene_position=&#8221;center&#8221; text_color=&#8221;dark&#8221; text_align=&#8221;left&#8221; top_padding=&#8221;20&#8243; bottom_padding=&#8221;30&#8243; overlay_strength=&#8221;0.3&#8243;][vc_column column_padding=&#8221;no-extra-padding&#8221; column_padding_position=&#8221;all&#8221; background_color_opacity=&#8221;1&#8243; background_hover_color_opacity=&#8221;1&#8243; column_shadow=&#8221;none&#8221; width=&#8221;1\/1&#8243; tablet_text_alignment=&#8221;default&#8221; phone_text_alignment=&#8221;default&#8221; column_border_width=&#8221;none&#8221; column_border_style=&#8221;solid&#8221;][vc_column_text]\n<h4><span style=\"color: #022c66;\">SEUS DIREITOS<\/span><\/h4>\n[\/vc_column_text]<div class=\"divider-wrap\"><div style=\"margin-top: 0px; height: 1px; margin-bottom: 0px;\" data-width=\"100%\" data-animate=\"\" data-animation-delay=\"\" data-color=\"default\" class=\"divider-border\"><\/div><\/div>[\/vc_column][\/vc_row][vc_row type=&#8221;full_width_background&#8221; full_screen_row_position=&#8221;middle&#8221; equal_height=&#8221;yes&#8221; content_placement=&#8221;top&#8221; scene_position=&#8221;center&#8221; text_color=&#8221;dark&#8221; text_align=&#8221;left&#8221; top_padding=&#8221;20&#8243; bottom_padding=&#8221;20&#8243; overlay_strength=&#8221;0.3&#8243;][vc_column column_padding=&#8221;no-extra-padding&#8221; column_padding_position=&#8221;all&#8221; background_color_opacity=&#8221;1&#8243; background_hover_color_opacity=&#8221;1&#8243; column_shadow=&#8221;none&#8221; width=&#8221;1\/1&#8243; tablet_text_alignment=&#8221;default&#8221; phone_text_alignment=&#8221;default&#8221; column_border_width=&#8221;none&#8221; column_border_style=&#8221;solid&#8221;][vc_column_text]\n<h3><span style=\"color: #022c66;\">Aviso Pr\u00e9vio<\/span><\/h3>\n<p><strong>FIQUE ATENTO AS REGRAS:<\/strong><\/p>\n<p><strong><u>&#8211; Com 06 (seis) anos ou mais de servi\u00e7o na empresa e mais de 50 (cinquenta anos) de idade, voc\u00ea tem direito a mais 60 (sessenta) dias de INDENIZA\u00c7\u00c3O; veja:<\/u><\/strong><\/p>\n<p><em>O aviso pr\u00e9vio concedido ao empregado que contar com 06 (seis) anos ou mais de servi\u00e7o na empresa e mais de 50 (cinquenta anos) de idade ser\u00e1 de, no m\u00ednimo, 60 (sessenta) dias e integralmente sob a forma INDENIZADA, al\u00e9m dos direitos previstos na CLT, desde que n\u00e3o tenha sofrido penalidade de suspens\u00e3o nos \u00faltimos doze meses e desde que o mesmo n\u00e3o tenha se utilizado do benef\u00edcio da cl\u00e1usula Pr\u00eamio Aposentadoria. <\/em><\/p>\n<p><strong><u>&#8211; PEDIU DEMISS\u00c3O E A EMPRESA DESCONTOU OS DIAS DE AVISO PREVIO?<\/u><\/strong><\/p>\n<p>Caso tenha sido descontado o aviso pr\u00e9vio, considerando a proje\u00e7\u00e3o dos dias que foram descontados na rescis\u00e3o, estes dias contam para c\u00e1lculo de mais 1\/12 avos de 13\u00ba sal\u00e1rio e mais 1\/12 de f\u00e9rias. Isto depender\u00e1 do n\u00famero de dias descontados, de acordo com a cl\u00e1usula 22\u00aa, item 3 da CCT:<\/p>\n<p><em>&#8211; No pedido de demiss\u00e3o o n\u00e3o cumprimento do aviso pr\u00e9vio com o respectivo <strong>desconto dos dias n\u00e3o trabalhados,<\/strong> estes integrar-se-\u00e3o ao contrato de trabalho para todos os efeitos legais, conforme cl\u00e1usula \u2013 Aviso Pr\u00e9vio.<\/em><\/p>\n<p><strong><u>&#8211; AVISO PR\u00c9VIO quando trabalhado \u00e9 30 dias, veja: <\/u><\/strong><\/p>\n<p><em>&#8211; O disposto na Lei n.\u00ba 12.506\/11 (3 dias de acr\u00e9scimo por ano trabalhado) aplica-se exclusivamente ao aviso pr\u00e9vio dado pelo Empregador, <strong>sendo mantido o prazo de 30 (trinta) dias para o aviso pr\u00e9vio quando a ruptura do contrato for de iniciativa do empregado.<\/strong><\/em><\/p>\n<p>&#8211; <strong><em>Os dias excedentes, previstos na Lei n.\u00ba 12.506\/11 <\/em><\/strong><em>(3 dias de acr\u00e9scimo por ano trabalhado), <strong>aos 30 (trinta) dias de aviso pr\u00e9vio<\/strong>, em qualquer caso, <strong>ser\u00e3o sempre indenizados.<\/strong> <\/em><\/p>\n<p><strong><em>Art. 488 CLT &#8211;<\/em><\/strong><em> O hor\u00e1rio normal de trabalho do empregado, durante o prazo do aviso, e se a rescis\u00e3o tiver sido promovida pelo empregador, ser\u00e1 reduzido de 2 (duas) horas di\u00e1rias, sem preju\u00edzo do sal\u00e1rio integral.<\/em><\/p>\n<p><strong><em>Par\u00e1grafo \u00fanico &#8211;<\/em><\/strong><em> \u00c9 facultado ao empregado trabalhar sem a redu\u00e7\u00e3o das 2 (duas) horas di\u00e1rias previstas neste artigo, caso em que poder\u00e1 faltar ao servi\u00e7o, sem preju\u00edzo do sal\u00e1rio integral, por 1 (um) dia, na hip\u00f3tese do inciso l, e por 7 (sete) dias corridos, na hip\u00f3tese do<\/em><a href=\"https:\/\/www.planalto.gov.br\/ccivil_03\/decreto-lei\/del5452.htm#art487\"><em>\u00a0inciso lI do art. 487 desta Consolida\u00e7\u00e3o<\/em><\/a><em>.\u00a0<\/em><\/p>\n<p><a href=\"https:\/\/sindpd.com.br\/novo\/wp-content\/uploads\/2023\/08\/AVISO-PREVIO.pdf\"><strong>*Clique para ler a Clausula na integra<\/strong><\/a><\/p>\n<p><strong>*Exclusivo para Conven\u00e7\u00e3o de Joinville<\/strong> <a href=\"https:\/\/sindpd.com.br\/novo\/wp-content\/uploads\/2022\/11\/CCT-JOINVILLE_MTE_2022-2023.pdf\"><strong>CONVEN\u00c7\u00c3O NA INTEGRA<\/strong><\/a>[\/vc_column_text][\/vc_column][\/vc_row]\n","protected":false},"excerpt":{"rendered":"<p>[vc_row type=&#8221;full_width_background&#8221; full_screen_row_position=&#8221;middle&#8221; equal_height=&#8221;yes&#8221; content_placement=&#8221;top&#8221; scene_position=&#8221;center&#8221; text_color=&#8221;dark&#8221; text_align=&#8221;left&#8221; top_padding=&#8221;20&#8243; bottom_padding=&#8221;30&#8243; overlay_strength=&#8221;0.3&#8243;][vc_column column_padding=&#8221;no-extra-padding&#8221; column_padding_position=&#8221;all&#8221; background_color_opacity=&#8221;1&#8243; background_hover_color_opacity=&#8221;1&#8243; column_shadow=&#8221;none&#8221; width=&#8221;1\/1&#8243; tablet_text_alignment=&#8221;default&#8221; phone_text_alignment=&#8221;default&#8221; column_border_width=&#8221;none&#8221; column_border_style=&#8221;solid&#8221;][vc_column_text] SEUS DIREITOS [\/vc_column_text][\/vc_column][\/vc_row][vc_row type=&#8221;full_width_background&#8221; full_screen_row_position=&#8221;middle&#8221; equal_height=&#8221;yes&#8221; content_placement=&#8221;top&#8221; scene_position=&#8221;center&#8221; text_color=&#8221;dark&#8221;&#8230;<\/p>\n","protected":false},"author":1,"featured_media":0,"parent":0,"menu_order":0,"comment_status":"closed","ping_status":"closed","template":"page-sidebar.php","meta":[],"_links":{"self":[{"href":"https:\/\/sindpd.com.br\/novo\/wp-json\/wp\/v2\/pages\/786"}],"collection":[{"href":"https:\/\/sindpd.com.br\/novo\/wp-json\/wp\/v2\/pages"}],"about":[{"href":"https:\/\/sindpd.com.br\/novo\/wp-json\/wp\/v2\/types\/page"}],"author":[{"embeddable":true,"href":"https:\/\/sindpd.com.br\/novo\/wp-json\/wp\/v2\/users\/1"}],"replies":[{"embeddable":true,"href":"https:\/\/sindpd.com.br\/novo\/wp-json\/wp\/v2\/comments?post=786"}],"version-history":[{"count":4,"href":"https:\/\/sindpd.com.br\/novo\/wp-json\/wp\/v2\/pages\/786\/revisions"}],"predecessor-version":[{"id":809,"href":"https:\/\/sindpd.com.br\/novo\/wp-json\/wp\/v2\/pages\/786\/revisions\/809"}],"wp:attachment":[{"href":"https:\/\/sindpd.com.br\/novo\/wp-json\/wp\/v2\/media?parent=786"}],"curies":[{"name":"wp","href":"https:\/\/api.w.org\/{rel}","templated":true}]}}