{"id":812,"date":"2023-08-16T17:05:54","date_gmt":"2023-08-16T20:05:54","guid":{"rendered":"https:\/\/sindpd.com.br\/novo\/?page_id=812"},"modified":"2023-08-16T17:17:13","modified_gmt":"2023-08-16T20:17:13","slug":"seus-direitos-banco-de-horas","status":"publish","type":"page","link":"https:\/\/sindpd.com.br\/novo\/seus-direitos-banco-de-horas\/","title":{"rendered":"SEUS DIREITOS &#8211; BANCO DE HORAS"},"content":{"rendered":"[vc_row type=&#8221;full_width_background&#8221; full_screen_row_position=&#8221;middle&#8221; equal_height=&#8221;yes&#8221; content_placement=&#8221;top&#8221; scene_position=&#8221;center&#8221; text_color=&#8221;dark&#8221; text_align=&#8221;left&#8221; top_padding=&#8221;20&#8243; bottom_padding=&#8221;30&#8243; overlay_strength=&#8221;0.3&#8243;][vc_column column_padding=&#8221;no-extra-padding&#8221; column_padding_position=&#8221;all&#8221; background_color_opacity=&#8221;1&#8243; background_hover_color_opacity=&#8221;1&#8243; column_shadow=&#8221;none&#8221; width=&#8221;1\/1&#8243; tablet_text_alignment=&#8221;default&#8221; phone_text_alignment=&#8221;default&#8221; column_border_width=&#8221;none&#8221; column_border_style=&#8221;solid&#8221;][vc_column_text]\n<h4><span style=\"color: #022c66;\">SEUS DIREITOS<\/span><\/h4>\n[\/vc_column_text]<div class=\"divider-wrap\"><div style=\"margin-top: 0px; height: 1px; margin-bottom: 0px;\" data-width=\"100%\" data-animate=\"\" data-animation-delay=\"\" data-color=\"default\" class=\"divider-border\"><\/div><\/div>[\/vc_column][\/vc_row][vc_row type=&#8221;full_width_background&#8221; full_screen_row_position=&#8221;middle&#8221; equal_height=&#8221;yes&#8221; content_placement=&#8221;top&#8221; scene_position=&#8221;center&#8221; text_color=&#8221;dark&#8221; text_align=&#8221;left&#8221; top_padding=&#8221;20&#8243; bottom_padding=&#8221;20&#8243; overlay_strength=&#8221;0.3&#8243;][vc_column column_padding=&#8221;no-extra-padding&#8221; column_padding_position=&#8221;all&#8221; background_color_opacity=&#8221;1&#8243; background_hover_color_opacity=&#8221;1&#8243; column_shadow=&#8221;none&#8221; width=&#8221;1\/1&#8243; tablet_text_alignment=&#8221;default&#8221; phone_text_alignment=&#8221;default&#8221; column_border_width=&#8221;none&#8221; column_border_style=&#8221;solid&#8221;][vc_column_text]\n<h3><span style=\"color: #022c66;\">Banco de Horas<\/span><\/h3>\n<p>Voc\u00ea sabe como funciona o Banco de Horas?<\/p>\n<p>&#8211; O Banco de Horas serve para compensa\u00e7\u00e3o de faltas, atrasos\/sa\u00eddas antecipadas quando solicitadas pelo funcion\u00e1rio(a);<\/p>\n<p>&#8211; <strong>EM JOINVILLE:<\/strong> <strong>Possui limite de 50 horas<\/strong> \u2013 tanto para positivas, quanto para negativas \u2013 quando o limite for ultrapassado, as horas negativas ser\u00e3o descontadas e as positivas pagas na pr\u00f3xima folha de pagamento;<\/p>\n<p>&#8211;\u00a0 <strong>EM JOINVILLE: Quando o limite das horas do Banco deve ser renovado? <\/strong>Sempre que <strong><u>ULTRAPASSAR ESTE LIMITE DE 50H (POSITIVAS OU NEGATIVAS) OU<\/u><\/strong> em outubro, junto da Conven\u00e7\u00e3o Coletiva de Trabalho; ou seja, o limite \u00e9 de 1 (um) ano;<\/p>\n<p><a href=\"https:\/\/sindpd.com.br\/novo\/wp-content\/uploads\/2023\/08\/BANCO-DE-HORAS.pdf\"><strong>*Clique para ler a Clausula na integra<\/strong><\/a><\/p>\n<p><strong>*Exclusivo para Conven\u00e7\u00e3o de Joinville<\/strong> <a href=\"https:\/\/sindpd.com.br\/novo\/wp-content\/uploads\/2022\/11\/CCT-JOINVILLE_MTE_2022-2023.pdf\"><strong>CONVEN\u00c7\u00c3O NA INTEGRA<\/strong><\/a>[\/vc_column_text][\/vc_column][\/vc_row]\n","protected":false},"excerpt":{"rendered":"<p>[vc_row type=&#8221;full_width_background&#8221; full_screen_row_position=&#8221;middle&#8221; equal_height=&#8221;yes&#8221; content_placement=&#8221;top&#8221; scene_position=&#8221;center&#8221; text_color=&#8221;dark&#8221; text_align=&#8221;left&#8221; top_padding=&#8221;20&#8243; bottom_padding=&#8221;30&#8243; overlay_strength=&#8221;0.3&#8243;][vc_column column_padding=&#8221;no-extra-padding&#8221; column_padding_position=&#8221;all&#8221; background_color_opacity=&#8221;1&#8243; background_hover_color_opacity=&#8221;1&#8243; column_shadow=&#8221;none&#8221; width=&#8221;1\/1&#8243; tablet_text_alignment=&#8221;default&#8221; phone_text_alignment=&#8221;default&#8221; column_border_width=&#8221;none&#8221; column_border_style=&#8221;solid&#8221;][vc_column_text] SEUS DIREITOS [\/vc_column_text][\/vc_column][\/vc_row][vc_row type=&#8221;full_width_background&#8221; full_screen_row_position=&#8221;middle&#8221; equal_height=&#8221;yes&#8221; content_placement=&#8221;top&#8221; scene_position=&#8221;center&#8221; text_color=&#8221;dark&#8221;&#8230;<\/p>\n","protected":false},"author":1,"featured_media":0,"parent":0,"menu_order":0,"comment_status":"closed","ping_status":"closed","template":"page-sidebar.php","meta":[],"_links":{"self":[{"href":"https:\/\/sindpd.com.br\/novo\/wp-json\/wp\/v2\/pages\/812"}],"collection":[{"href":"https:\/\/sindpd.com.br\/novo\/wp-json\/wp\/v2\/pages"}],"about":[{"href":"https:\/\/sindpd.com.br\/novo\/wp-json\/wp\/v2\/types\/page"}],"author":[{"embeddable":true,"href":"https:\/\/sindpd.com.br\/novo\/wp-json\/wp\/v2\/users\/1"}],"replies":[{"embeddable":true,"href":"https:\/\/sindpd.com.br\/novo\/wp-json\/wp\/v2\/comments?post=812"}],"version-history":[{"count":2,"href":"https:\/\/sindpd.com.br\/novo\/wp-json\/wp\/v2\/pages\/812\/revisions"}],"predecessor-version":[{"id":820,"href":"https:\/\/sindpd.com.br\/novo\/wp-json\/wp\/v2\/pages\/812\/revisions\/820"}],"wp:attachment":[{"href":"https:\/\/sindpd.com.br\/novo\/wp-json\/wp\/v2\/media?parent=812"}],"curies":[{"name":"wp","href":"https:\/\/api.w.org\/{rel}","templated":true}]}}