{"id":82,"date":"2020-10-14T12:43:21","date_gmt":"2020-10-14T15:43:21","guid":{"rendered":"https:\/\/sindpd.com.br\/site\/?page_id=82"},"modified":"2023-03-29T13:40:29","modified_gmt":"2023-03-29T16:40:29","slug":"guia-sindical","status":"publish","type":"page","link":"https:\/\/sindpd.com.br\/novo\/guia-sindical\/","title":{"rendered":"GUIA SINDICAL"},"content":{"rendered":"[vc_row type=&#8221;full_width_background&#8221; full_screen_row_position=&#8221;middle&#8221; equal_height=&#8221;yes&#8221; content_placement=&#8221;top&#8221; scene_position=&#8221;center&#8221; text_color=&#8221;dark&#8221; text_align=&#8221;left&#8221; top_padding=&#8221;20&#8243; bottom_padding=&#8221;30&#8243; overlay_strength=&#8221;0.3&#8243;][vc_column column_padding=&#8221;no-extra-padding&#8221; column_padding_position=&#8221;all&#8221; background_color_opacity=&#8221;1&#8243; background_hover_color_opacity=&#8221;1&#8243; column_shadow=&#8221;none&#8221; width=&#8221;1\/1&#8243; tablet_text_alignment=&#8221;default&#8221; phone_text_alignment=&#8221;default&#8221; column_border_width=&#8221;none&#8221; column_border_style=&#8221;solid&#8221;][vc_column_text]\n<h4><span style=\"color: #022c66;\">GUIA SINDICAL<\/span><\/h4>\n[\/vc_column_text]<div class=\"divider-wrap\"><div style=\"margin-top: 0px; height: 1px; margin-bottom: 0px;\" data-width=\"100%\" data-animate=\"\" data-animation-delay=\"\" data-color=\"default\" class=\"divider-border\"><\/div><\/div>[\/vc_column][\/vc_row][vc_row type=&#8221;full_width_background&#8221; full_screen_row_position=&#8221;middle&#8221; equal_height=&#8221;yes&#8221; content_placement=&#8221;top&#8221; scene_position=&#8221;center&#8221; text_color=&#8221;dark&#8221; text_align=&#8221;left&#8221; top_padding=&#8221;20&#8243; bottom_padding=&#8221;20&#8243; overlay_strength=&#8221;0.3&#8243;][vc_column column_padding=&#8221;no-extra-padding&#8221; column_padding_position=&#8221;all&#8221; background_color_opacity=&#8221;1&#8243; background_hover_color_opacity=&#8221;1&#8243; column_shadow=&#8221;none&#8221; width=&#8221;1\/1&#8243; tablet_text_alignment=&#8221;default&#8221; phone_text_alignment=&#8221;default&#8221; column_border_width=&#8221;none&#8221; column_border_style=&#8221;solid&#8221;][vc_column_text]A reforma trabalhista transformou o desconto da contribui\u00e7\u00e3o sindical (um dia trabalhado por ano) mediante a autoriza\u00e7\u00e3o pr\u00e9via e expressa do trabalhador, vide artigos 578, 579, 580, 582, 583, 586, da Lei 13.467\/2017.<\/p>\n<p>Lembramos a todos que o n\u00e3o desconto inevitavelmente acarretar\u00e1 preju\u00edzos ao atendimento \u00e0 categoria. A contribui\u00e7\u00e3o \u00e9 indispens\u00e1vel para que o sindicato possa se manter e continuar auxiliando os profissionais, sempre que poss\u00edvel, em quest\u00f5es trabalhistas, defender quest\u00f5es legais, prestar orienta\u00e7\u00e3o jur\u00eddica, firmar acordos coletivos, orientar empresas e os empregados em caso de diverg\u00eancia, buscando sempre o melhor caminho para as partes.<\/p>\n<p>Segue abaixo a Autoriza\u00e7\u00e3o de Desconto do SINDPD referente a Contribui\u00e7\u00e3o Sindical. Desta forma, agradecemos aos funcion\u00e1rios que tem se manifestado a favor do desconto e nos procuraram para efetivar sua contribui\u00e7\u00e3o anual desde.[\/vc_column_text][\/vc_column][\/vc_row][vc_row type=&#8221;full_width_background&#8221; full_screen_row_position=&#8221;middle&#8221; equal_height=&#8221;yes&#8221; content_placement=&#8221;top&#8221; scene_position=&#8221;center&#8221; text_color=&#8221;dark&#8221; text_align=&#8221;left&#8221; top_padding=&#8221;20&#8243; bottom_padding=&#8221;20&#8243; overlay_strength=&#8221;0.3&#8243;][vc_column column_padding=&#8221;no-extra-padding&#8221; column_padding_position=&#8221;all&#8221; background_color_opacity=&#8221;1&#8243; background_hover_color_opacity=&#8221;1&#8243; column_shadow=&#8221;none&#8221; width=&#8221;1\/1&#8243; tablet_text_alignment=&#8221;default&#8221; phone_text_alignment=&#8221;default&#8221; column_border_width=&#8221;none&#8221; column_border_style=&#8221;solid&#8221;][vc_column_text]\n<h4><span style=\"color: #022c66;\"><strong>AUTORIZA\u00c7\u00c3O DE DESCONTO\u00a0 &#8211; <a href=\"https:\/\/sindpd.com.br\/novo\/wp-content\/uploads\/2023\/03\/AUTORIZACAO-DE-DESCONTO_CONTRIBUICAO-SINDICAL.docx\">CLIQUE AQUI<\/a><\/strong><\/span><\/h4>\n<p>A autoriza\u00e7\u00e3o de desconto pode ser entregue no RH da empresa ou diretamente para o SindPD atrav\u00e9s do e-maiil: <a href=\"mailto:sindpd@terra.com.br\">sindpd@terra.com.br<\/a>. O documento pode ser assinado de forma digital por meio do link: <a href=\"https:\/\/www.ilovepdf.com\/pt\/assinar-pdf\">https:\/\/www.ilovepdf.com\/pt\/assinar-pdf<\/a>[\/vc_column_text][\/vc_column][\/vc_row][vc_row type=&#8221;full_width_background&#8221; full_screen_row_position=&#8221;middle&#8221; equal_height=&#8221;yes&#8221; content_placement=&#8221;top&#8221; scene_position=&#8221;center&#8221; text_color=&#8221;dark&#8221; text_align=&#8221;left&#8221; top_padding=&#8221;20&#8243; bottom_padding=&#8221;20&#8243; overlay_strength=&#8221;0.3&#8243;][vc_column column_padding=&#8221;no-extra-padding&#8221; column_padding_position=&#8221;all&#8221; background_color_opacity=&#8221;1&#8243; background_hover_color_opacity=&#8221;1&#8243; column_shadow=&#8221;none&#8221; width=&#8221;1\/1&#8243; tablet_text_alignment=&#8221;default&#8221; phone_text_alignment=&#8221;default&#8221; column_border_width=&#8221;none&#8221; column_border_style=&#8221;solid&#8221;][vc_column_text]\n<h3><span style=\"color: #022c66;\"><strong>Empresas e contabilidades devem solicitar a guia de contribui\u00e7\u00e3o sindical no e-mail <\/strong><\/span><a href=\"mailto:adm@sindpd.com.br\"><strong>adm@sindpd.com.br<\/strong><\/a><span style=\"color: #022c66;\"><strong> ou <\/strong><\/span><a href=\"mailto:sindpd@terra.com.br\"><strong>sindpd@terra.com.br<\/strong><\/a><\/h3>\n[\/vc_column_text][\/vc_column][\/vc_row]\n","protected":false},"excerpt":{"rendered":"<p>[vc_row type=&#8221;full_width_background&#8221; full_screen_row_position=&#8221;middle&#8221; equal_height=&#8221;yes&#8221; content_placement=&#8221;top&#8221; scene_position=&#8221;center&#8221; text_color=&#8221;dark&#8221; text_align=&#8221;left&#8221; top_padding=&#8221;20&#8243; bottom_padding=&#8221;30&#8243; overlay_strength=&#8221;0.3&#8243;][vc_column column_padding=&#8221;no-extra-padding&#8221; column_padding_position=&#8221;all&#8221; background_color_opacity=&#8221;1&#8243; background_hover_color_opacity=&#8221;1&#8243; column_shadow=&#8221;none&#8221; width=&#8221;1\/1&#8243; tablet_text_alignment=&#8221;default&#8221; phone_text_alignment=&#8221;default&#8221; column_border_width=&#8221;none&#8221; column_border_style=&#8221;solid&#8221;][vc_column_text] GUIA SINDICAL [\/vc_column_text][\/vc_column][\/vc_row][vc_row type=&#8221;full_width_background&#8221; full_screen_row_position=&#8221;middle&#8221; equal_height=&#8221;yes&#8221; content_placement=&#8221;top&#8221; scene_position=&#8221;center&#8221; text_color=&#8221;dark&#8221;&#8230;<\/p>\n","protected":false},"author":1,"featured_media":0,"parent":0,"menu_order":0,"comment_status":"closed","ping_status":"closed","template":"page-sidebar.php","meta":[],"_links":{"self":[{"href":"https:\/\/sindpd.com.br\/novo\/wp-json\/wp\/v2\/pages\/82"}],"collection":[{"href":"https:\/\/sindpd.com.br\/novo\/wp-json\/wp\/v2\/pages"}],"about":[{"href":"https:\/\/sindpd.com.br\/novo\/wp-json\/wp\/v2\/types\/page"}],"author":[{"embeddable":true,"href":"https:\/\/sindpd.com.br\/novo\/wp-json\/wp\/v2\/users\/1"}],"replies":[{"embeddable":true,"href":"https:\/\/sindpd.com.br\/novo\/wp-json\/wp\/v2\/comments?post=82"}],"version-history":[{"count":10,"href":"https:\/\/sindpd.com.br\/novo\/wp-json\/wp\/v2\/pages\/82\/revisions"}],"predecessor-version":[{"id":708,"href":"https:\/\/sindpd.com.br\/novo\/wp-json\/wp\/v2\/pages\/82\/revisions\/708"}],"wp:attachment":[{"href":"https:\/\/sindpd.com.br\/novo\/wp-json\/wp\/v2\/media?parent=82"}],"curies":[{"name":"wp","href":"https:\/\/api.w.org\/{rel}","templated":true}]}}